{"id":2413,"date":"2020-10-13T12:11:18","date_gmt":"2020-10-13T12:11:18","guid":{"rendered":"https:\/\/e-park.ch\/privacy-policy\/"},"modified":"2020-10-13T12:11:20","modified_gmt":"2020-10-13T12:11:20","slug":"privacy-policy","status":"publish","type":"page","link":"https:\/\/e-park.ch\/de\/privacy-policy\/","title":{"rendered":"Privacy Policy"},"content":{"rendered":"\t\t<div data-elementor-type=\"wp-page\" data-elementor-id=\"2413\" class=\"elementor elementor-2413 elementor-3\">\n\t\t\t\t\t\t<section class=\"elementor-section elementor-top-section elementor-element elementor-element-722b231d elementor-section-boxed elementor-section-height-default elementor-section-height-default\" data-id=\"722b231d\" data-element_type=\"section\" data-e-type=\"section\">\n\t\t\t\t\t\t<div class=\"elementor-container elementor-column-gap-default\">\n\t\t\t\t\t<div class=\"elementor-column elementor-col-100 elementor-top-column elementor-element elementor-element-3831abd5\" data-id=\"3831abd5\" data-element_type=\"column\" data-e-type=\"column\">\n\t\t\t<div class=\"elementor-widget-wrap elementor-element-populated\">\n\t\t\t\t\t\t<div class=\"elementor-element elementor-element-5e42a6c1 elementor-widget elementor-widget-text-editor\" data-id=\"5e42a6c1\" data-element_type=\"widget\" data-e-type=\"widget\" data-widget_type=\"text-editor.default\">\n\t\t\t\t<div class=\"elementor-widget-container\">\n\t\t\t\t\t\t\t\t\t<p><\/p>\n<h2 style=\"font-variant-ligatures: normal; font-variant-caps: normal; font-family: Montserrat; font-style: normal; color: #073565;\">PRIVACY POLICY<\/h2>\n<h2 style=\"font-variant-ligatures: normal; font-variant-caps: normal; font-family: Montserrat; font-style: normal; color: #073565;\">Wer wir sind<\/h2>\n<p style=\"font-variant-ligatures: normal; font-variant-caps: normal; font-family: Montserrat, sans-serif; font-size: 14px; font-style: normal; font-weight: 400; color: #073565;\">Die Adresse unserer Website lautet: https:\/\/e-park.ch<\/p>\n<h2 style=\"font-variant-ligatures: normal; font-variant-caps: normal; font-family: Montserrat; font-style: normal; color: #073565;\">Welche pers\u00f6nlichen Daten wir sammeln und warum wir sie sammeln<\/h2>\n<h3 style=\"font-variant-ligatures: normal; font-variant-caps: normal; font-family: Montserrat; font-style: normal; color: #073565;\">Bemerkungen<\/h3>\n<p style=\"font-variant-ligatures: normal; font-variant-caps: normal; font-family: Montserrat, sans-serif; font-size: 14px; font-style: normal; font-weight: 400; color: #073565;\">Wenn Besucher Kommentare auf der Website hinterlassen, erfassen wir die im Kommentarformular angezeigten Daten sowie die IP-Adresse des Besuchers und die Zeichenfolge des Browser-Benutzeragenten, um die Spam-Erkennung zu erleichtern.<\/p>\n<p style=\"font-variant-ligatures: normal; font-variant-caps: normal; font-family: Montserrat, sans-serif; font-size: 14px; font-style: normal; font-weight: 400; color: #073565;\">Eine anonymisierte Zeichenfolge, die aus Ihrer E-Mail-Adresse erstellt wurde (auch als Hash bezeichnet), kann dem Gravatar-Dienst zur Verf\u00fcgung gestellt werden, um festzustellen, ob Sie sie verwenden. Die Datenschutzrichtlinie des Gravatar-Dienstes finden Sie hier: https:\/\/automattic.com\/privacy\/. Nach Genehmigung Ihres Kommentars ist Ihr Profilbild im Kontext Ihres Kommentars f\u00fcr die \u00d6ffentlichkeit sichtbar. <\/p>\n<h3 style=\"font-variant-ligatures: normal; font-variant-caps: normal; font-family: Montserrat; font-style: normal; color: #073565;\">Media<\/h3>\n<p style=\"font-variant-ligatures: normal; font-variant-caps: normal; font-family: Montserrat, sans-serif; font-size: 14px; font-style: normal; font-weight: 400; color: #073565;\">Wenn Sie Bilder auf die Website hochladen, sollten Sie das Hochladen von Bildern vermeiden, die eingebettete Standortdaten (EXIF GPS) enthalten. Besucher der Website k\u00f6nnen Standortdaten von Bildern auf der Website herunterladen und extrahieren. <\/p>\n<h3 style=\"font-variant-ligatures: normal; font-variant-caps: normal; font-family: Montserrat; font-style: normal; color: #073565;\">Kontakt Formular<\/h3>\n<h3 style=\"font-variant-ligatures: normal; font-variant-caps: normal; font-family: Montserrat; font-style: normal; color: #073565;\">Cookies<\/h3>\n<p style=\"font-variant-ligatures: normal; font-variant-caps: normal; font-family: Montserrat, sans-serif; font-size: 14px; font-style: normal; font-weight: 400; color: #073565;\">Wenn Sie einen Kommentar auf unserer Website hinterlassen, k\u00f6nnen Sie Ihren Namen, Ihre E-Mail-Adresse und Ihre Website in Cookies speichern. Sie werden zu Ihrer Bequemlichkeit verwendet, damit Sie Ihre Daten nicht erneut eingeben m\u00fcssen, wenn Sie einen weiteren Kommentar hinterlassen. Diese Cookies halten ein Jahr lang.  <\/p>\n<p style=\"font-variant-ligatures: normal; font-variant-caps: normal; font-family: Montserrat, sans-serif; font-size: 14px; font-style: normal; font-weight: 400; color: #073565;\">Wenn Sie die Anmeldeseite besuchen, wird ein tempor\u00e4res Cookie gesetzt, um festzustellen, ob Ihr Browser Cookies akzeptiert. Dieses Cookie enth\u00e4lt keine pers\u00f6nlichen Daten und wird beim Schlie\u00dfen Ihres Browsers gel\u00f6scht. <\/p>\n<p style=\"font-variant-ligatures: normal; font-variant-caps: normal; font-family: Montserrat, sans-serif; font-size: 14px; font-style: normal; font-weight: 400; color: #073565;\">Wenn Sie sich anmelden, werden mehrere Cookies gesetzt, um Ihre Anmeldeinformationen und Ihre Bildschirmanzeigeoptionen zu speichern. Anmelde-Cookies halten zwei Tage und Cookies f\u00fcr Bildschirmoptionen ein Jahr. Wenn Sie &#8222;Angemeldet bleiben&#8220; ausw\u00e4hlen, bleibt Ihr Login zwei Wochen lang bestehen. Wenn Sie sich von Ihrem Konto abmelden, werden die Anmelde-Cookies entfernt.   <\/p>\n<p style=\"font-variant-ligatures: normal; font-variant-caps: normal; font-family: Montserrat, sans-serif; font-size: 14px; font-style: normal; font-weight: 400; color: #073565;\">Wenn Sie einen Artikel bearbeiten oder ver\u00f6ffentlichen, wird ein zus\u00e4tzliches Cookie in Ihrem Browser gespeichert. Dieses Cookie enth\u00e4lt keine pers\u00f6nlichen Daten, sondern gibt lediglich die ID des gerade ge\u00e4nderten Artikels an. Es l\u00e4uft nach 1 Tag ab.  <\/p>\n<h3 style=\"font-variant-ligatures: normal; font-variant-caps: normal; font-family: Montserrat; font-style: normal; color: #073565;\">Eingebettete Inhalte von anderen Websites<\/h3>\n<p style=\"font-variant-ligatures: normal; font-variant-caps: normal; font-family: Montserrat, sans-serif; font-size: 14px; font-style: normal; font-weight: 400; color: #073565;\">Artikel auf dieser Website k\u00f6nnen eingebetteten Inhalt enthalten (z. B. Videos, Bilder, Artikel usw.). Der von anderen Websites eingebettete Inhalt verh\u00e4lt sich genauso, als h\u00e4tte der Besucher die andere Website besucht. <\/p>\n<p style=\"font-variant-ligatures: normal; font-variant-caps: normal; font-family: Montserrat, sans-serif; font-size: 14px; font-style: normal; font-weight: 400; color: #073565;\">Diese Websites k\u00f6nnen Daten \u00fcber Sie sammeln, Cookies verwenden, zus\u00e4tzliches Tracking von Drittanbietern integrieren und die Interaktion mit ihnen \u00fcberwachen, einschlie\u00dflich der Verfolgung Ihrer Interaktion mit den eingebetteten Inhalten, wenn Sie \u00fcber ein Konto verf\u00fcgen und mit diesen Websites verbunden sind.<\/p>\n<h3 style=\"font-variant-ligatures: normal; font-variant-caps: normal; font-family: Montserrat; font-style: normal; color: #073565;\">Analytics<\/h3>\n<h2 style=\"font-variant-ligatures: normal; font-variant-caps: normal; font-family: Montserrat; font-style: normal; color: #073565;\">Wie lange speichern wir Ihre Daten?<\/h2>\n<p style=\"font-variant-ligatures: normal; font-variant-caps: normal; font-family: Montserrat, sans-serif; font-size: 14px; font-style: normal; font-weight: 400; color: #073565;\">Wenn Sie einen Kommentar hinterlassen, bleiben der Kommentar und seine Metadaten unbegrenzt erhalten. Auf diese Weise k\u00f6nnen wir nachfolgende Kommentare automatisch erkennen und genehmigen, anstatt sie in einer Moderationswarteschlange zu halten. <\/p>\n<p style=\"font-variant-ligatures: normal; font-variant-caps: normal; font-family: Montserrat, sans-serif; font-size: 14px; font-style: normal; font-weight: 400; color: #073565;\">F\u00fcr Benutzer, die sich auf unserer Website registrieren (falls vorhanden), speichern wir auch die von ihnen angegebenen pers\u00f6nlichen Informationen in ihrem Benutzerprofil. Alle Benutzer k\u00f6nnen ihre pers\u00f6nlichen Daten jederzeit anzeigen, bearbeiten oder l\u00f6schen (mit Ausnahme ihres Benutzernamens, den sie nicht \u00e4ndern k\u00f6nnen). Website-Administratoren k\u00f6nnen diese Informationen auch anzeigen und bearbeiten.  <\/p>\n<h2 style=\"font-variant-ligatures: normal; font-variant-caps: normal; font-family: Montserrat; font-style: normal; color: #073565;\">Welche Rechte haben Ihre Daten?<\/h2>\n<p style=\"font-variant-ligatures: normal; font-variant-caps: normal; font-family: Montserrat, sans-serif; font-size: 14px; font-style: normal; font-weight: 400; color: #073565;\">Wenn Sie ein Konto auf dieser Website haben oder Kommentare hinterlassen haben, k\u00f6nnen Sie den Erhalt einer von der Website exportierten Datei mit den von uns \u00fcber Sie gespeicherten personenbezogenen Daten, einschlie\u00dflich aller Daten, die Sie uns zur Verf\u00fcgung gestellt haben, anfordern. Sie k\u00f6nnen auch verlangen, dass wir alle personenbezogenen Daten l\u00f6schen, die Sie betreffen. Dies schlie\u00dft keine Daten ein, die wir aus administrativen, rechtlichen oder Sicherheitsgr\u00fcnden aufbewahren m\u00fcssen.  <\/p>\n<p><\/p>\n\t\t\t\t\t\t\t\t<\/div>\n\t\t\t\t<\/div>\n\t\t\t\t\t<\/div>\n\t\t<\/div>\n\t\t\t\t\t<\/div>\n\t\t<\/section>\n\t\t\t\t<\/div>\n\t\t","protected":false},"excerpt":{"rendered":"<p>PRIVACY POLICY Wer wir sind Die Adresse unserer Website lautet: https:\/\/e-park.ch Welche pers\u00f6nlichen Daten wir sammeln und warum wir sie sammeln Bemerkungen Wenn Besucher Kommentare auf der Website hinterlassen, erfassen wir die im Kommentarformular angezeigten Daten sowie die IP-Adresse des Besuchers und die Zeichenfolge des Browser-Benutzeragenten, um die Spam-Erkennung zu erleichtern. Eine anonymisierte Zeichenfolge, die [&hellip;]<\/p>\n","protected":false},"author":1,"featured_media":0,"parent":0,"menu_order":0,"comment_status":"closed","ping_status":"closed","template":"","meta":{"ocean_post_layout":"","ocean_both_sidebars_style":"","ocean_both_sidebars_content_width":0,"ocean_both_sidebars_sidebars_width":0,"ocean_sidebar":"0","ocean_second_sidebar":"0","ocean_disable_margins":"enable","ocean_add_body_class":"","ocean_shortcode_before_top_bar":"","ocean_shortcode_after_top_bar":"","ocean_shortcode_before_header":"","ocean_shortcode_after_header":"","ocean_has_shortcode":"","ocean_shortcode_after_title":"","ocean_shortcode_before_footer_widgets":"","ocean_shortcode_after_footer_widgets":"","ocean_shortcode_before_footer_bottom":"","ocean_shortcode_after_footer_bottom":"","ocean_display_top_bar":"default","ocean_display_header":"default","ocean_header_style":"","ocean_center_header_left_menu":"0","ocean_custom_header_template":"0","ocean_custom_logo":0,"ocean_custom_retina_logo":0,"ocean_custom_logo_max_width":0,"ocean_custom_logo_tablet_max_width":0,"ocean_custom_logo_mobile_max_width":0,"ocean_custom_logo_max_height":0,"ocean_custom_logo_tablet_max_height":0,"ocean_custom_logo_mobile_max_height":0,"ocean_header_custom_menu":"0","ocean_menu_typo_font_family":"0","ocean_menu_typo_font_subset":"","ocean_menu_typo_font_size":0,"ocean_menu_typo_font_size_tablet":0,"ocean_menu_typo_font_size_mobile":0,"ocean_menu_typo_font_size_unit":"px","ocean_menu_typo_font_weight":"","ocean_menu_typo_font_weight_tablet":"","ocean_menu_typo_font_weight_mobile":"","ocean_menu_typo_transform":"","ocean_menu_typo_transform_tablet":"","ocean_menu_typo_transform_mobile":"","ocean_menu_typo_line_height":0,"ocean_menu_typo_line_height_tablet":0,"ocean_menu_typo_line_height_mobile":0,"ocean_menu_typo_line_height_unit":"","ocean_menu_typo_spacing":0,"ocean_menu_typo_spacing_tablet":0,"ocean_menu_typo_spacing_mobile":0,"ocean_menu_typo_spacing_unit":"","ocean_menu_link_color":"","ocean_menu_link_color_hover":"","ocean_menu_link_color_active":"","ocean_menu_link_background":"","ocean_menu_link_hover_background":"","ocean_menu_link_active_background":"","ocean_menu_social_links_bg":"","ocean_menu_social_hover_links_bg":"","ocean_menu_social_links_color":"","ocean_menu_social_hover_links_color":"","ocean_disable_title":"default","ocean_disable_heading":"default","ocean_post_title":"","ocean_post_subheading":"","ocean_post_title_style":"","ocean_post_title_background_color":"","ocean_post_title_background":0,"ocean_post_title_bg_image_position":"","ocean_post_title_bg_image_attachment":"","ocean_post_title_bg_image_repeat":"","ocean_post_title_bg_image_size":"","ocean_post_title_height":0,"ocean_post_title_bg_overlay":0.5,"ocean_post_title_bg_overlay_color":"","ocean_disable_breadcrumbs":"default","ocean_breadcrumbs_color":"","ocean_breadcrumbs_separator_color":"","ocean_breadcrumbs_links_color":"","ocean_breadcrumbs_links_hover_color":"","ocean_display_footer_widgets":"default","ocean_display_footer_bottom":"default","ocean_custom_footer_template":"0","footnotes":""},"class_list":["post-2413","page","type-page","status-publish","hentry","entry"],"yoast_head":"<!-- This site is optimized with the Yoast SEO plugin v25.8 - https:\/\/yoast.com\/wordpress\/plugins\/seo\/ -->\n<title>E-park - Datenschutzrichtlinie, wie Ihre Privatsph\u00e4re auf unserer Website gesch\u00fctzt wird.<\/title>\n<meta name=\"description\" content=\"E-park - Datenschutzrichtlinie, wie Ihre Privatsph\u00e4re auf unserer Website gesch\u00fctzt wird. Electro Park k\u00fcmmert sich auch um Ihre Sicherheit.\" \/>\n<meta name=\"robots\" content=\"index, follow, max-snippet:-1, max-image-preview:large, max-video-preview:-1\" \/>\n<link rel=\"canonical\" href=\"https:\/\/e-park.ch\/de\/privacy-policy\/\" \/>\n<meta property=\"og:locale\" content=\"de_DE\" \/>\n<meta property=\"og:type\" content=\"article\" \/>\n<meta property=\"og:title\" content=\"E-park - Datenschutzrichtlinie, wie Ihre Privatsph\u00e4re auf unserer Website gesch\u00fctzt wird.\" \/>\n<meta property=\"og:description\" content=\"E-park - Datenschutzrichtlinie, wie Ihre Privatsph\u00e4re auf unserer Website gesch\u00fctzt wird. Electro Park k\u00fcmmert sich auch um Ihre Sicherheit.\" \/>\n<meta property=\"og:url\" content=\"https:\/\/e-park.ch\/de\/privacy-policy\/\" \/>\n<meta property=\"og:site_name\" content=\"E-park\" \/>\n<meta property=\"article:publisher\" content=\"https:\/\/www.facebook.com\/eparkstudio\/\" \/>\n<meta property=\"article:modified_time\" content=\"2020-10-13T12:11:20+00:00\" \/>\n<meta name=\"twitter:card\" content=\"summary_large_image\" \/>\n<meta name=\"twitter:label1\" content=\"Gesch\u00e4tzte Lesezeit\" \/>\n\t<meta name=\"twitter:data1\" content=\"3\u00a0Minuten\" \/>\n<script type=\"application\/ld+json\" class=\"yoast-schema-graph\">{\"@context\":\"https:\/\/schema.org\",\"@graph\":[{\"@type\":\"WebPage\",\"@id\":\"https:\/\/e-park.ch\/de\/privacy-policy\/\",\"url\":\"https:\/\/e-park.ch\/de\/privacy-policy\/\",\"name\":\"E-park - Datenschutzrichtlinie, wie Ihre Privatsph\u00e4re auf unserer Website gesch\u00fctzt wird.\",\"isPartOf\":{\"@id\":\"https:\/\/e-park.ch\/de\/#website\"},\"datePublished\":\"2020-10-13T12:11:18+00:00\",\"dateModified\":\"2020-10-13T12:11:20+00:00\",\"description\":\"E-park - Datenschutzrichtlinie, wie Ihre Privatsph\u00e4re auf unserer Website gesch\u00fctzt wird. Electro Park k\u00fcmmert sich auch um Ihre Sicherheit.\",\"breadcrumb\":{\"@id\":\"https:\/\/e-park.ch\/de\/privacy-policy\/#breadcrumb\"},\"inLanguage\":\"de\",\"potentialAction\":[{\"@type\":\"ReadAction\",\"target\":[\"https:\/\/e-park.ch\/de\/privacy-policy\/\"]}]},{\"@type\":\"BreadcrumbList\",\"@id\":\"https:\/\/e-park.ch\/de\/privacy-policy\/#breadcrumb\",\"itemListElement\":[{\"@type\":\"ListItem\",\"position\":1,\"name\":\"Home\",\"item\":\"https:\/\/e-park.ch\/de\/\"},{\"@type\":\"ListItem\",\"position\":2,\"name\":\"Privacy Policy\"}]},{\"@type\":\"WebSite\",\"@id\":\"https:\/\/e-park.ch\/de\/#website\",\"url\":\"https:\/\/e-park.ch\/de\/\",\"name\":\"e-park\",\"description\":\"multimedia studio\",\"publisher\":{\"@id\":\"https:\/\/e-park.ch\/de\/#organization\"},\"potentialAction\":[{\"@type\":\"SearchAction\",\"target\":{\"@type\":\"EntryPoint\",\"urlTemplate\":\"https:\/\/e-park.ch\/de\/?s={search_term_string}\"},\"query-input\":{\"@type\":\"PropertyValueSpecification\",\"valueRequired\":true,\"valueName\":\"search_term_string\"}}],\"inLanguage\":\"de\"},{\"@type\":\"Organization\",\"@id\":\"https:\/\/e-park.ch\/de\/#organization\",\"name\":\"Electropark\",\"url\":\"https:\/\/e-park.ch\/de\/\",\"logo\":{\"@type\":\"ImageObject\",\"inLanguage\":\"de\",\"@id\":\"https:\/\/e-park.ch\/de\/#\/schema\/logo\/image\/\",\"url\":\"https:\/\/e-park.ch\/wp-content\/uploads\/2020\/09\/logo_epark_colori_2019.png\",\"contentUrl\":\"https:\/\/e-park.ch\/wp-content\/uploads\/2020\/09\/logo_epark_colori_2019.png\",\"width\":800,\"height\":400,\"caption\":\"Electropark\"},\"image\":{\"@id\":\"https:\/\/e-park.ch\/de\/#\/schema\/logo\/image\/\"},\"sameAs\":[\"https:\/\/www.facebook.com\/eparkstudio\/\",\"https:\/\/www.instagram.com\/e_park_studio\/\",\"https:\/\/www.youtube.com\/channel\/UCdTmqyCynF-CB-h94s4YCJg\"]}]}<\/script>\n<!-- \/ Yoast SEO plugin. -->","yoast_head_json":{"title":"E-park - Datenschutzrichtlinie, wie Ihre Privatsph\u00e4re auf unserer Website gesch\u00fctzt wird.","description":"E-park - Datenschutzrichtlinie, wie Ihre Privatsph\u00e4re auf unserer Website gesch\u00fctzt wird. Electro Park k\u00fcmmert sich auch um Ihre Sicherheit.","robots":{"index":"index","follow":"follow","max-snippet":"max-snippet:-1","max-image-preview":"max-image-preview:large","max-video-preview":"max-video-preview:-1"},"canonical":"https:\/\/e-park.ch\/de\/privacy-policy\/","og_locale":"de_DE","og_type":"article","og_title":"E-park - Datenschutzrichtlinie, wie Ihre Privatsph\u00e4re auf unserer Website gesch\u00fctzt wird.","og_description":"E-park - Datenschutzrichtlinie, wie Ihre Privatsph\u00e4re auf unserer Website gesch\u00fctzt wird. Electro Park k\u00fcmmert sich auch um Ihre Sicherheit.","og_url":"https:\/\/e-park.ch\/de\/privacy-policy\/","og_site_name":"E-park","article_publisher":"https:\/\/www.facebook.com\/eparkstudio\/","article_modified_time":"2020-10-13T12:11:20+00:00","twitter_card":"summary_large_image","twitter_misc":{"Gesch\u00e4tzte Lesezeit":"3\u00a0Minuten"},"schema":{"@context":"https:\/\/schema.org","@graph":[{"@type":"WebPage","@id":"https:\/\/e-park.ch\/de\/privacy-policy\/","url":"https:\/\/e-park.ch\/de\/privacy-policy\/","name":"E-park - Datenschutzrichtlinie, wie Ihre Privatsph\u00e4re auf unserer Website gesch\u00fctzt wird.","isPartOf":{"@id":"https:\/\/e-park.ch\/de\/#website"},"datePublished":"2020-10-13T12:11:18+00:00","dateModified":"2020-10-13T12:11:20+00:00","description":"E-park - Datenschutzrichtlinie, wie Ihre Privatsph\u00e4re auf unserer Website gesch\u00fctzt wird. Electro Park k\u00fcmmert sich auch um Ihre Sicherheit.","breadcrumb":{"@id":"https:\/\/e-park.ch\/de\/privacy-policy\/#breadcrumb"},"inLanguage":"de","potentialAction":[{"@type":"ReadAction","target":["https:\/\/e-park.ch\/de\/privacy-policy\/"]}]},{"@type":"BreadcrumbList","@id":"https:\/\/e-park.ch\/de\/privacy-policy\/#breadcrumb","itemListElement":[{"@type":"ListItem","position":1,"name":"Home","item":"https:\/\/e-park.ch\/de\/"},{"@type":"ListItem","position":2,"name":"Privacy Policy"}]},{"@type":"WebSite","@id":"https:\/\/e-park.ch\/de\/#website","url":"https:\/\/e-park.ch\/de\/","name":"e-park","description":"multimedia studio","publisher":{"@id":"https:\/\/e-park.ch\/de\/#organization"},"potentialAction":[{"@type":"SearchAction","target":{"@type":"EntryPoint","urlTemplate":"https:\/\/e-park.ch\/de\/?s={search_term_string}"},"query-input":{"@type":"PropertyValueSpecification","valueRequired":true,"valueName":"search_term_string"}}],"inLanguage":"de"},{"@type":"Organization","@id":"https:\/\/e-park.ch\/de\/#organization","name":"Electropark","url":"https:\/\/e-park.ch\/de\/","logo":{"@type":"ImageObject","inLanguage":"de","@id":"https:\/\/e-park.ch\/de\/#\/schema\/logo\/image\/","url":"https:\/\/e-park.ch\/wp-content\/uploads\/2020\/09\/logo_epark_colori_2019.png","contentUrl":"https:\/\/e-park.ch\/wp-content\/uploads\/2020\/09\/logo_epark_colori_2019.png","width":800,"height":400,"caption":"Electropark"},"image":{"@id":"https:\/\/e-park.ch\/de\/#\/schema\/logo\/image\/"},"sameAs":["https:\/\/www.facebook.com\/eparkstudio\/","https:\/\/www.instagram.com\/e_park_studio\/","https:\/\/www.youtube.com\/channel\/UCdTmqyCynF-CB-h94s4YCJg"]}]}},"_links":{"self":[{"href":"https:\/\/e-park.ch\/de\/wp-json\/wp\/v2\/pages\/2413","targetHints":{"allow":["GET"]}}],"collection":[{"href":"https:\/\/e-park.ch\/de\/wp-json\/wp\/v2\/pages"}],"about":[{"href":"https:\/\/e-park.ch\/de\/wp-json\/wp\/v2\/types\/page"}],"author":[{"embeddable":true,"href":"https:\/\/e-park.ch\/de\/wp-json\/wp\/v2\/users\/1"}],"replies":[{"embeddable":true,"href":"https:\/\/e-park.ch\/de\/wp-json\/wp\/v2\/comments?post=2413"}],"version-history":[{"count":9,"href":"https:\/\/e-park.ch\/de\/wp-json\/wp\/v2\/pages\/2413\/revisions"}],"predecessor-version":[{"id":2423,"href":"https:\/\/e-park.ch\/de\/wp-json\/wp\/v2\/pages\/2413\/revisions\/2423"}],"wp:attachment":[{"href":"https:\/\/e-park.ch\/de\/wp-json\/wp\/v2\/media?parent=2413"}],"curies":[{"name":"wp","href":"https:\/\/api.w.org\/{rel}","templated":true}]}}