{"id":2424,"date":"2020-10-13T12:21:31","date_gmt":"2020-10-13T12:21:31","guid":{"rendered":"https:\/\/e-park.ch\/rsi-anerkennung\/"},"modified":"2020-10-13T12:28:24","modified_gmt":"2020-10-13T12:28:24","slug":"rsi-anerkennung","status":"publish","type":"page","link":"https:\/\/e-park.ch\/de\/rsi-anerkennung\/","title":{"rendered":"RSI Anerkennung"},"content":{"rendered":"\t\t<div data-elementor-type=\"wp-page\" data-elementor-id=\"2424\" class=\"elementor elementor-2424 elementor-439\">\n\t\t\t\t\t\t<section class=\"elementor-section elementor-top-section elementor-element elementor-element-61aaf5b0 elementor-section-stretched elementor-section-boxed elementor-section-height-default elementor-section-height-default\" data-id=\"61aaf5b0\" data-element_type=\"section\" data-e-type=\"section\" data-settings=\"{&quot;stretch_section&quot;:&quot;section-stretched&quot;}\">\n\t\t\t\t\t\t<div class=\"elementor-container elementor-column-gap-default\">\n\t\t\t\t\t<div class=\"elementor-column elementor-col-100 elementor-top-column elementor-element elementor-element-1315b0f\" data-id=\"1315b0f\" data-element_type=\"column\" data-e-type=\"column\">\n\t\t\t<div class=\"elementor-widget-wrap elementor-element-populated\">\n\t\t\t\t\t\t<div class=\"elementor-element elementor-element-11949e98 elementor-widget elementor-widget-heading\" data-id=\"11949e98\" data-element_type=\"widget\" data-e-type=\"widget\" data-widget_type=\"heading.default\">\n\t\t\t\t<div class=\"elementor-widget-container\">\n\t\t\t\t\t<h2 class=\"elementor-heading-title elementor-size-default\">Anerkennung<\/h2>\t\t\t\t<\/div>\n\t\t\t\t<\/div>\n\t\t\t\t<div class=\"elementor-element elementor-element-9d859f elementor-widget elementor-widget-text-editor\" data-id=\"9d859f\" data-element_type=\"widget\" data-e-type=\"widget\" data-widget_type=\"text-editor.default\">\n\t\t\t\t<div class=\"elementor-widget-container\">\n\t\t\t\t\t\t\t\t\t<p>\u201cIL RITORNO DI ANDREA\u201d, von Mirella De Paris und Claudio Condolf.<\/p>\n\t\t\t\t\t\t\t\t<\/div>\n\t\t\t\t<\/div>\n\t\t\t\t<div class=\"elementor-element elementor-element-3259bdd elementor-widget-divider--view-line elementor-widget elementor-widget-divider\" data-id=\"3259bdd\" data-element_type=\"widget\" data-e-type=\"widget\" data-widget_type=\"divider.default\">\n\t\t\t\t<div class=\"elementor-widget-container\">\n\t\t\t\t\t\t\t<div class=\"elementor-divider\">\n\t\t\t<span class=\"elementor-divider-separator\">\n\t\t\t\t\t\t<\/span>\n\t\t<\/div>\n\t\t\t\t\t\t<\/div>\n\t\t\t\t<\/div>\n\t\t\t\t<div class=\"elementor-element elementor-element-41d795e elementor-widget elementor-widget-text-editor\" data-id=\"41d795e\" data-element_type=\"widget\" data-e-type=\"widget\" data-widget_type=\"text-editor.default\">\n\t\t\t\t<div class=\"elementor-widget-container\">\n\t\t\t\t\t\t\t\t\t<p>RSI AWARD 2005<\/p>\n\t\t\t\t\t\t\t\t<\/div>\n\t\t\t\t<\/div>\n\t\t\t\t<div class=\"elementor-element elementor-element-52b3bac elementor-align-center elementor-widget elementor-widget-button\" data-id=\"52b3bac\" data-element_type=\"widget\" data-e-type=\"widget\" data-widget_type=\"button.default\">\n\t\t\t\t<div class=\"elementor-widget-container\">\n\t\t\t\t\t\t\t\t\t<div class=\"elementor-button-wrapper\">\n\t\t\t\t\t<a class=\"elementor-button elementor-button-link elementor-size-sm\" href=\"https:\/\/www.rsi.ch\/speciali\/cultura\/premio-rsi\/Premio-RSI-Canevascini-5855758.html\" target=\"_blank\">\n\t\t\t\t\t\t<span class=\"elementor-button-content-wrapper\">\n\t\t\t\t\t\t\t\t\t<span class=\"elementor-button-text\">Sehen Sie sich den Dokumentarfilm an<\/span>\n\t\t\t\t\t<\/span>\n\t\t\t\t\t<\/a>\n\t\t\t\t<\/div>\n\t\t\t\t\t\t\t\t<\/div>\n\t\t\t\t<\/div>\n\t\t\t\t\t<\/div>\n\t\t<\/div>\n\t\t\t\t\t<\/div>\n\t\t<\/section>\n\t\t\t\t<section class=\"elementor-section elementor-top-section elementor-element elementor-element-7055474 elementor-section-stretched elementor-section-boxed elementor-section-height-default elementor-section-height-default\" data-id=\"7055474\" data-element_type=\"section\" data-e-type=\"section\" data-settings=\"{&quot;stretch_section&quot;:&quot;section-stretched&quot;}\">\n\t\t\t\t\t\t<div class=\"elementor-container elementor-column-gap-default\">\n\t\t\t\t\t<div class=\"elementor-column elementor-col-50 elementor-top-column elementor-element elementor-element-efd5ac7\" data-id=\"efd5ac7\" data-element_type=\"column\" data-e-type=\"column\">\n\t\t\t<div class=\"elementor-widget-wrap elementor-element-populated\">\n\t\t\t\t\t\t<div class=\"elementor-element elementor-element-490da1a elementor-widget elementor-widget-text-editor\" data-id=\"490da1a\" data-element_type=\"widget\" data-e-type=\"widget\" data-widget_type=\"text-editor.default\">\n\t\t\t\t<div class=\"elementor-widget-container\">\n\t\t\t\t\t\t\t\t\t<p>Auszeichnung in der Kategorie <br \/> documentari radiofonici per <br \/> die Originalit\u00e4t des Punktes von <br \/> Beobachtung in Beziehung <br \/> zum evozierten Ereignis, f\u00fcr die <br \/>\nStrenge der Konstruktion und f\u00fcr <br \/> die Wirksamkeit der narrativen Entwicklung.<\/p>\n\t\t\t\t\t\t\t\t<\/div>\n\t\t\t\t<\/div>\n\t\t\t\t<div class=\"elementor-element elementor-element-1b19060 elementor-widget elementor-widget-text-editor\" data-id=\"1b19060\" data-element_type=\"widget\" data-e-type=\"widget\" data-widget_type=\"text-editor.default\">\n\t\t\t\t<div class=\"elementor-widget-container\">\n\t\t\t\t\t\t\t\t\t<p>Die Jury des &#8222;2005 RSI Award&#8220; unter dem Vorsitz von Claudio Generali, Pr\u00e4sident von CORSI, bestand aus dem Fernsehkritiker Aldo Grasso, dem Musikwissenschaftler Carlo Piccardi, dem Chefredakteur von Radio 24 Alessandra Scaglioni, dem Direktor von Radio Fiume Ticino Oscar Acciari, Die Professorin f\u00fcr Funkkommunikation an der USI Ruth Hunberb\u00fchler und die Vertreterin des Audienzrates Marco Tognola verliehen Mirella De Paris und Claudio Condolf den Preis f\u00fcr die Kategorie &#8222;Radiodokumentationen&#8220; f\u00fcr den Dokumentarfilm &#8222;Die R\u00fcckkehr von Andrea&#8220; mit der Motivation: &#8222;F\u00fcr die Originalit\u00e4t des Beobachtungspunktes in Bezug auf das evozierte Ereignis, f\u00fcr die Strenge der Konstruktion und f\u00fcr die Wirksamkeit der narrativen Entwicklung&#8220;<\/p>\n\t\t\t\t\t\t\t\t<\/div>\n\t\t\t\t<\/div>\n\t\t\t\t<div class=\"elementor-element elementor-element-fc87c33 elementor-widget elementor-widget-text-editor\" data-id=\"fc87c33\" data-element_type=\"widget\" data-e-type=\"widget\" data-widget_type=\"text-editor.default\">\n\t\t\t\t<div class=\"elementor-widget-container\">\n\t\t\t\t\t\t\t\t\t<p>Das evozierte Ereignis ist das traurig bekannte Verbrechen von Ponte Capriasca vom 3. Dezember 2002: eine schreckliche Geschichte, die viele Male in Nachrichtenberichten erz\u00e4hlt wurde und von Mirella De Paris und Claudio Condolf mit einer anderen, weniger chronischen und viel menschlicheren, aufgegriffenen die Seele und Gef\u00fchle derer zu entdecken, die diese Ereignisse auf unterschiedliche Weise gelebt haben.<\/p>\n\t\t\t\t\t\t\t\t<\/div>\n\t\t\t\t<\/div>\n\t\t\t\t<div class=\"elementor-element elementor-element-7c6a590 elementor-widget elementor-widget-spacer\" data-id=\"7c6a590\" data-element_type=\"widget\" data-e-type=\"widget\" data-widget_type=\"spacer.default\">\n\t\t\t\t<div class=\"elementor-widget-container\">\n\t\t\t\t\t\t\t<div class=\"elementor-spacer\">\n\t\t\t<div class=\"elementor-spacer-inner\"><\/div>\n\t\t<\/div>\n\t\t\t\t\t\t<\/div>\n\t\t\t\t<\/div>\n\t\t\t\t\t<\/div>\n\t\t<\/div>\n\t\t\t\t<div class=\"elementor-column elementor-col-50 elementor-top-column elementor-element elementor-element-ecee08c\" data-id=\"ecee08c\" data-element_type=\"column\" data-e-type=\"column\">\n\t\t\t<div class=\"elementor-widget-wrap elementor-element-populated\">\n\t\t\t\t\t\t<div class=\"elementor-element elementor-element-f1023f3 elementor-widget elementor-widget-spacer\" data-id=\"f1023f3\" data-element_type=\"widget\" data-e-type=\"widget\" data-widget_type=\"spacer.default\">\n\t\t\t\t<div class=\"elementor-widget-container\">\n\t\t\t\t\t\t\t<div class=\"elementor-spacer\">\n\t\t\t<div class=\"elementor-spacer-inner\"><\/div>\n\t\t<\/div>\n\t\t\t\t\t\t<\/div>\n\t\t\t\t<\/div>\n\t\t\t\t<div class=\"elementor-element elementor-element-e26a673 elementor-widget elementor-widget-text-editor\" data-id=\"e26a673\" data-element_type=\"widget\" data-e-type=\"widget\" data-widget_type=\"text-editor.default\">\n\t\t\t\t<div class=\"elementor-widget-container\">\n\t\t\t\t\t\t\t\t\t<p>Der Dokumentarfilm \u00fcberzeugte die Jury voll und ganz, die es andererseits nicht schaffte, ein ebenso \u00fcberzeugendes Werk f\u00fcr die Kategorie Unterhaltung zu identifizieren. Die Jury stellte zwar das Vorhandensein nennenswerter Beitr\u00e4ge fest, fand jedoch nicht gen\u00fcgend innovative Ideen, um eine vollst\u00e4ndige Umsetzung zu erreichen. Die Jury untersuchte die 34 konkurrierenden Werke und berichtete f\u00fcr die Kategorie Dokumentarfilm zus\u00e4tzlich zu der preisgekr\u00f6nten: Mont Ventoux von Paolo Guglielmoni, Beyond the Sea von Tiziano Bovini und Il God da Tamangur einen Spaziergang im romanischen Wald von Doris Lucini und Raniero Fratini. F\u00fcr die Kategorie Unterhaltung: Drei R\u00e4ume von Chiara Zocchi, Christian Gilardi und Zeno Gabaglio, Freak Wars von Flavio Sala und Ottavio Panzeri und das Fotoalbum von Feo Del Maffeo.   <\/p>\n\t\t\t\t\t\t\t\t<\/div>\n\t\t\t\t<\/div>\n\t\t\t\t<div class=\"elementor-element elementor-element-8237d28 elementor-widget elementor-widget-text-editor\" data-id=\"8237d28\" data-element_type=\"widget\" data-e-type=\"widget\" data-widget_type=\"text-editor.default\">\n\t\t\t\t<div class=\"elementor-widget-container\">\n\t\t\t\t\t\t\t\t\t<p>Der &#8222;RSI Award&#8220;, der seit 2001 das glorreiche Erbe des &#8222;Canevascini Award&#8220; sammelt, endet am 16. Dezember mit der offiziellen Preisverleihung in den RSI Studios.<\/p>\n\t\t\t\t\t\t\t\t<\/div>\n\t\t\t\t<\/div>\n\t\t\t\t\t<\/div>\n\t\t<\/div>\n\t\t\t\t\t<\/div>\n\t\t<\/section>\n\t\t\t\t<section class=\"elementor-section elementor-top-section elementor-element elementor-element-2e3a6c4 elementor-section-stretched elementor-section-boxed elementor-section-height-default elementor-section-height-default\" data-id=\"2e3a6c4\" data-element_type=\"section\" data-e-type=\"section\" data-settings=\"{&quot;stretch_section&quot;:&quot;section-stretched&quot;}\">\n\t\t\t\t\t\t<div class=\"elementor-container elementor-column-gap-default\">\n\t\t\t\t\t<div class=\"elementor-column elementor-col-100 elementor-top-column elementor-element elementor-element-3864f49\" data-id=\"3864f49\" data-element_type=\"column\" data-e-type=\"column\">\n\t\t\t<div class=\"elementor-widget-wrap elementor-element-populated\">\n\t\t\t\t\t\t<div class=\"elementor-element elementor-element-5da5569 elementor-widget elementor-widget-text-editor\" data-id=\"5da5569\" data-element_type=\"widget\" data-e-type=\"widget\" data-widget_type=\"text-editor.default\">\n\t\t\t\t<div class=\"elementor-widget-container\">\n\t\t\t\t\t\t\t\t\t<p>Fonte: RSI Radiotelevisione Svizzera Italiana<\/p>\n\t\t\t\t\t\t\t\t<\/div>\n\t\t\t\t<\/div>\n\t\t\t\t\t<\/div>\n\t\t<\/div>\n\t\t\t\t\t<\/div>\n\t\t<\/section>\n\t\t\t\t<\/div>\n\t\t","protected":false},"excerpt":{"rendered":"<p>Anerkennung \u201cIL RITORNO DI ANDREA\u201d, von Mirella De Paris und Claudio Condolf. RSI AWARD 2005 Sehen Sie sich den Dokumentarfilm an Auszeichnung in der Kategorie documentari radiofonici per die Originalit\u00e4t des Punktes von Beobachtung in Beziehung zum evozierten Ereignis, f\u00fcr die Strenge der Konstruktion und f\u00fcr die Wirksamkeit der narrativen Entwicklung. Die Jury des &#8222;2005 [&hellip;]<\/p>\n","protected":false},"author":1,"featured_media":0,"parent":0,"menu_order":0,"comment_status":"closed","ping_status":"closed","template":"","meta":{"ocean_post_layout":"","ocean_both_sidebars_style":"","ocean_both_sidebars_content_width":0,"ocean_both_sidebars_sidebars_width":0,"ocean_sidebar":"0","ocean_second_sidebar":"0","ocean_disable_margins":"enable","ocean_add_body_class":"","ocean_shortcode_before_top_bar":"","ocean_shortcode_after_top_bar":"","ocean_shortcode_before_header":"","ocean_shortcode_after_header":"","ocean_has_shortcode":"","ocean_shortcode_after_title":"","ocean_shortcode_before_footer_widgets":"","ocean_shortcode_after_footer_widgets":"","ocean_shortcode_before_footer_bottom":"","ocean_shortcode_after_footer_bottom":"","ocean_display_top_bar":"default","ocean_display_header":"default","ocean_header_style":"","ocean_center_header_left_menu":"0","ocean_custom_header_template":"0","ocean_custom_logo":0,"ocean_custom_retina_logo":0,"ocean_custom_logo_max_width":0,"ocean_custom_logo_tablet_max_width":0,"ocean_custom_logo_mobile_max_width":0,"ocean_custom_logo_max_height":0,"ocean_custom_logo_tablet_max_height":0,"ocean_custom_logo_mobile_max_height":0,"ocean_header_custom_menu":"0","ocean_menu_typo_font_family":"0","ocean_menu_typo_font_subset":"","ocean_menu_typo_font_size":0,"ocean_menu_typo_font_size_tablet":0,"ocean_menu_typo_font_size_mobile":0,"ocean_menu_typo_font_size_unit":"px","ocean_menu_typo_font_weight":"","ocean_menu_typo_font_weight_tablet":"","ocean_menu_typo_font_weight_mobile":"","ocean_menu_typo_transform":"","ocean_menu_typo_transform_tablet":"","ocean_menu_typo_transform_mobile":"","ocean_menu_typo_line_height":0,"ocean_menu_typo_line_height_tablet":0,"ocean_menu_typo_line_height_mobile":0,"ocean_menu_typo_line_height_unit":"","ocean_menu_typo_spacing":0,"ocean_menu_typo_spacing_tablet":0,"ocean_menu_typo_spacing_mobile":0,"ocean_menu_typo_spacing_unit":"","ocean_menu_link_color":"","ocean_menu_link_color_hover":"","ocean_menu_link_color_active":"","ocean_menu_link_background":"","ocean_menu_link_hover_background":"","ocean_menu_link_active_background":"","ocean_menu_social_links_bg":"","ocean_menu_social_hover_links_bg":"","ocean_menu_social_links_color":"","ocean_menu_social_hover_links_color":"","ocean_disable_title":"default","ocean_disable_heading":"default","ocean_post_title":"","ocean_post_subheading":"","ocean_post_title_style":"","ocean_post_title_background_color":"","ocean_post_title_background":0,"ocean_post_title_bg_image_position":"","ocean_post_title_bg_image_attachment":"","ocean_post_title_bg_image_repeat":"","ocean_post_title_bg_image_size":"","ocean_post_title_height":0,"ocean_post_title_bg_overlay":0.5,"ocean_post_title_bg_overlay_color":"","ocean_disable_breadcrumbs":"default","ocean_breadcrumbs_color":"","ocean_breadcrumbs_separator_color":"","ocean_breadcrumbs_links_color":"","ocean_breadcrumbs_links_hover_color":"","ocean_display_footer_widgets":"default","ocean_display_footer_bottom":"default","ocean_custom_footer_template":"0","footnotes":""},"class_list":["post-2424","page","type-page","status-publish","hentry","entry"],"yoast_head":"<!-- This site is optimized with the Yoast SEO plugin v25.8 - https:\/\/yoast.com\/wordpress\/plugins\/seo\/ -->\n<title>E-park - Anerkennung RSI - 2005 Dokumentarfilm Kategorie Auszeichnung<\/title>\n<meta name=\"description\" content=\"2005 RSI Award in der Kategorie Radiodokumentation f\u00fcr die Originalit\u00e4t des Beobachtungspunktes in Bezug auf das evozierte Ereignis ...\" \/>\n<meta name=\"robots\" content=\"index, follow, max-snippet:-1, max-image-preview:large, max-video-preview:-1\" \/>\n<link rel=\"canonical\" href=\"https:\/\/e-park.ch\/de\/rsi-anerkennung\/\" \/>\n<meta property=\"og:locale\" content=\"de_DE\" \/>\n<meta property=\"og:type\" content=\"article\" \/>\n<meta property=\"og:title\" content=\"E-park - Anerkennung RSI - 2005 Dokumentarfilm Kategorie Auszeichnung\" \/>\n<meta property=\"og:description\" content=\"2005 RSI Award in der Kategorie Radiodokumentation f\u00fcr die Originalit\u00e4t des Beobachtungspunktes in Bezug auf das evozierte Ereignis ...\" \/>\n<meta property=\"og:url\" content=\"https:\/\/e-park.ch\/de\/rsi-anerkennung\/\" \/>\n<meta property=\"og:site_name\" content=\"E-park\" \/>\n<meta property=\"article:publisher\" content=\"https:\/\/www.facebook.com\/eparkstudio\/\" \/>\n<meta property=\"article:modified_time\" content=\"2020-10-13T12:28:24+00:00\" \/>\n<meta name=\"twitter:card\" content=\"summary_large_image\" \/>\n<meta name=\"twitter:label1\" content=\"Gesch\u00e4tzte Lesezeit\" \/>\n\t<meta name=\"twitter:data1\" content=\"2\u00a0Minuten\" \/>\n<script type=\"application\/ld+json\" class=\"yoast-schema-graph\">{\"@context\":\"https:\/\/schema.org\",\"@graph\":[{\"@type\":\"WebPage\",\"@id\":\"https:\/\/e-park.ch\/de\/rsi-anerkennung\/\",\"url\":\"https:\/\/e-park.ch\/de\/rsi-anerkennung\/\",\"name\":\"E-park - Anerkennung RSI - 2005 Dokumentarfilm Kategorie Auszeichnung\",\"isPartOf\":{\"@id\":\"https:\/\/e-park.ch\/de\/#website\"},\"datePublished\":\"2020-10-13T12:21:31+00:00\",\"dateModified\":\"2020-10-13T12:28:24+00:00\",\"description\":\"2005 RSI Award in der Kategorie Radiodokumentation f\u00fcr die Originalit\u00e4t des Beobachtungspunktes in Bezug auf das evozierte Ereignis ...\",\"breadcrumb\":{\"@id\":\"https:\/\/e-park.ch\/de\/rsi-anerkennung\/#breadcrumb\"},\"inLanguage\":\"de\",\"potentialAction\":[{\"@type\":\"ReadAction\",\"target\":[\"https:\/\/e-park.ch\/de\/rsi-anerkennung\/\"]}]},{\"@type\":\"BreadcrumbList\",\"@id\":\"https:\/\/e-park.ch\/de\/rsi-anerkennung\/#breadcrumb\",\"itemListElement\":[{\"@type\":\"ListItem\",\"position\":1,\"name\":\"Home\",\"item\":\"https:\/\/e-park.ch\/de\/\"},{\"@type\":\"ListItem\",\"position\":2,\"name\":\"RSI Anerkennung\"}]},{\"@type\":\"WebSite\",\"@id\":\"https:\/\/e-park.ch\/de\/#website\",\"url\":\"https:\/\/e-park.ch\/de\/\",\"name\":\"e-park\",\"description\":\"multimedia studio\",\"publisher\":{\"@id\":\"https:\/\/e-park.ch\/de\/#organization\"},\"potentialAction\":[{\"@type\":\"SearchAction\",\"target\":{\"@type\":\"EntryPoint\",\"urlTemplate\":\"https:\/\/e-park.ch\/de\/?s={search_term_string}\"},\"query-input\":{\"@type\":\"PropertyValueSpecification\",\"valueRequired\":true,\"valueName\":\"search_term_string\"}}],\"inLanguage\":\"de\"},{\"@type\":\"Organization\",\"@id\":\"https:\/\/e-park.ch\/de\/#organization\",\"name\":\"Electropark\",\"url\":\"https:\/\/e-park.ch\/de\/\",\"logo\":{\"@type\":\"ImageObject\",\"inLanguage\":\"de\",\"@id\":\"https:\/\/e-park.ch\/de\/#\/schema\/logo\/image\/\",\"url\":\"https:\/\/e-park.ch\/wp-content\/uploads\/2020\/09\/logo_epark_colori_2019.png\",\"contentUrl\":\"https:\/\/e-park.ch\/wp-content\/uploads\/2020\/09\/logo_epark_colori_2019.png\",\"width\":800,\"height\":400,\"caption\":\"Electropark\"},\"image\":{\"@id\":\"https:\/\/e-park.ch\/de\/#\/schema\/logo\/image\/\"},\"sameAs\":[\"https:\/\/www.facebook.com\/eparkstudio\/\",\"https:\/\/www.instagram.com\/e_park_studio\/\",\"https:\/\/www.youtube.com\/channel\/UCdTmqyCynF-CB-h94s4YCJg\"]}]}<\/script>\n<!-- \/ Yoast SEO plugin. -->","yoast_head_json":{"title":"E-park - Anerkennung RSI - 2005 Dokumentarfilm Kategorie Auszeichnung","description":"2005 RSI Award in der Kategorie Radiodokumentation f\u00fcr die Originalit\u00e4t des Beobachtungspunktes in Bezug auf das evozierte Ereignis ...","robots":{"index":"index","follow":"follow","max-snippet":"max-snippet:-1","max-image-preview":"max-image-preview:large","max-video-preview":"max-video-preview:-1"},"canonical":"https:\/\/e-park.ch\/de\/rsi-anerkennung\/","og_locale":"de_DE","og_type":"article","og_title":"E-park - Anerkennung RSI - 2005 Dokumentarfilm Kategorie Auszeichnung","og_description":"2005 RSI Award in der Kategorie Radiodokumentation f\u00fcr die Originalit\u00e4t des Beobachtungspunktes in Bezug auf das evozierte Ereignis ...","og_url":"https:\/\/e-park.ch\/de\/rsi-anerkennung\/","og_site_name":"E-park","article_publisher":"https:\/\/www.facebook.com\/eparkstudio\/","article_modified_time":"2020-10-13T12:28:24+00:00","twitter_card":"summary_large_image","twitter_misc":{"Gesch\u00e4tzte Lesezeit":"2\u00a0Minuten"},"schema":{"@context":"https:\/\/schema.org","@graph":[{"@type":"WebPage","@id":"https:\/\/e-park.ch\/de\/rsi-anerkennung\/","url":"https:\/\/e-park.ch\/de\/rsi-anerkennung\/","name":"E-park - Anerkennung RSI - 2005 Dokumentarfilm Kategorie Auszeichnung","isPartOf":{"@id":"https:\/\/e-park.ch\/de\/#website"},"datePublished":"2020-10-13T12:21:31+00:00","dateModified":"2020-10-13T12:28:24+00:00","description":"2005 RSI Award in der Kategorie Radiodokumentation f\u00fcr die Originalit\u00e4t des Beobachtungspunktes in Bezug auf das evozierte Ereignis ...","breadcrumb":{"@id":"https:\/\/e-park.ch\/de\/rsi-anerkennung\/#breadcrumb"},"inLanguage":"de","potentialAction":[{"@type":"ReadAction","target":["https:\/\/e-park.ch\/de\/rsi-anerkennung\/"]}]},{"@type":"BreadcrumbList","@id":"https:\/\/e-park.ch\/de\/rsi-anerkennung\/#breadcrumb","itemListElement":[{"@type":"ListItem","position":1,"name":"Home","item":"https:\/\/e-park.ch\/de\/"},{"@type":"ListItem","position":2,"name":"RSI Anerkennung"}]},{"@type":"WebSite","@id":"https:\/\/e-park.ch\/de\/#website","url":"https:\/\/e-park.ch\/de\/","name":"e-park","description":"multimedia studio","publisher":{"@id":"https:\/\/e-park.ch\/de\/#organization"},"potentialAction":[{"@type":"SearchAction","target":{"@type":"EntryPoint","urlTemplate":"https:\/\/e-park.ch\/de\/?s={search_term_string}"},"query-input":{"@type":"PropertyValueSpecification","valueRequired":true,"valueName":"search_term_string"}}],"inLanguage":"de"},{"@type":"Organization","@id":"https:\/\/e-park.ch\/de\/#organization","name":"Electropark","url":"https:\/\/e-park.ch\/de\/","logo":{"@type":"ImageObject","inLanguage":"de","@id":"https:\/\/e-park.ch\/de\/#\/schema\/logo\/image\/","url":"https:\/\/e-park.ch\/wp-content\/uploads\/2020\/09\/logo_epark_colori_2019.png","contentUrl":"https:\/\/e-park.ch\/wp-content\/uploads\/2020\/09\/logo_epark_colori_2019.png","width":800,"height":400,"caption":"Electropark"},"image":{"@id":"https:\/\/e-park.ch\/de\/#\/schema\/logo\/image\/"},"sameAs":["https:\/\/www.facebook.com\/eparkstudio\/","https:\/\/www.instagram.com\/e_park_studio\/","https:\/\/www.youtube.com\/channel\/UCdTmqyCynF-CB-h94s4YCJg"]}]}},"_links":{"self":[{"href":"https:\/\/e-park.ch\/de\/wp-json\/wp\/v2\/pages\/2424","targetHints":{"allow":["GET"]}}],"collection":[{"href":"https:\/\/e-park.ch\/de\/wp-json\/wp\/v2\/pages"}],"about":[{"href":"https:\/\/e-park.ch\/de\/wp-json\/wp\/v2\/types\/page"}],"author":[{"embeddable":true,"href":"https:\/\/e-park.ch\/de\/wp-json\/wp\/v2\/users\/1"}],"replies":[{"embeddable":true,"href":"https:\/\/e-park.ch\/de\/wp-json\/wp\/v2\/comments?post=2424"}],"version-history":[{"count":10,"href":"https:\/\/e-park.ch\/de\/wp-json\/wp\/v2\/pages\/2424\/revisions"}],"predecessor-version":[{"id":2442,"href":"https:\/\/e-park.ch\/de\/wp-json\/wp\/v2\/pages\/2424\/revisions\/2442"}],"wp:attachment":[{"href":"https:\/\/e-park.ch\/de\/wp-json\/wp\/v2\/media?parent=2424"}],"curies":[{"name":"wp","href":"https:\/\/api.w.org\/{rel}","templated":true}]}}