{"id":1837,"date":"2020-10-08T09:45:59","date_gmt":"2020-10-08T09:45:59","guid":{"rendered":"https:\/\/e-park.ch\/index.php\/web\/"},"modified":"2023-03-07T08:42:36","modified_gmt":"2023-03-07T08:42:36","slug":"web","status":"publish","type":"page","link":"https:\/\/e-park.ch\/fr\/web\/","title":{"rendered":"Web"},"content":{"rendered":"\t\t<div data-elementor-type=\"wp-page\" data-elementor-id=\"1837\" class=\"elementor elementor-1837 elementor-157\">\n\t\t\t\t\t\t<section class=\"elementor-section elementor-top-section elementor-element elementor-element-1661630a elementor-section-stretched elementor-section-boxed elementor-section-height-default elementor-section-height-default\" data-id=\"1661630a\" data-element_type=\"section\" data-e-type=\"section\" data-settings=\"{&quot;stretch_section&quot;:&quot;section-stretched&quot;}\">\n\t\t\t\t\t\t<div class=\"elementor-container elementor-column-gap-default\">\n\t\t\t\t\t<div class=\"elementor-column elementor-col-100 elementor-top-column elementor-element elementor-element-54fb12a\" data-id=\"54fb12a\" data-element_type=\"column\" data-e-type=\"column\">\n\t\t\t<div class=\"elementor-widget-wrap elementor-element-populated\">\n\t\t\t\t\t\t<div class=\"elementor-element elementor-element-2af617e1 elementor-widget elementor-widget-heading\" data-id=\"2af617e1\" data-element_type=\"widget\" data-e-type=\"widget\" data-widget_type=\"heading.default\">\n\t\t\t\t<div class=\"elementor-widget-container\">\n\t\t\t\t\t<h1 class=\"elementor-heading-title elementor-size-default\">Cr\u00e9ation de sites web<\/h1>\t\t\t\t<\/div>\n\t\t\t\t<\/div>\n\t\t\t\t<div class=\"elementor-element elementor-element-5f0383f8 elementor-widget elementor-widget-text-editor\" data-id=\"5f0383f8\" data-element_type=\"widget\" data-e-type=\"widget\" data-widget_type=\"text-editor.default\">\n\t\t\t\t<div class=\"elementor-widget-container\">\n\t\t\t\t\t\t\t\t\t<p>Nous \u00e9tudions la meilleure solution pour la communication de votre entreprise et de vos produits et livrons un produit fonctionnel et facile \u00e0 g\u00e9rer. Nous proposons des solutions simples, adapt\u00e9es \u00e0 chaque besoin.<br \/>Nous proposons des solutions simples, adapt\u00e9es \u00e0 chaque besoin.<\/p>\n\t\t\t\t\t\t\t\t<\/div>\n\t\t\t\t<\/div>\n\t\t\t\t<div class=\"elementor-element elementor-element-912b6ba elementor-align-left elementor-widget elementor-widget-button\" data-id=\"912b6ba\" data-element_type=\"widget\" data-e-type=\"widget\" data-widget_type=\"button.default\">\n\t\t\t\t<div class=\"elementor-widget-container\">\n\t\t\t\t\t\t\t\t\t<div class=\"elementor-button-wrapper\">\n\t\t\t\t\t<a class=\"elementor-button elementor-button-link elementor-size-xl\" href=\"http:\/\/hosting.e-park.ch\/\" target=\"_blank\">\n\t\t\t\t\t\t<span class=\"elementor-button-content-wrapper\">\n\t\t\t\t\t\t\t\t\t<span class=\"elementor-button-text\">Services d'h\u00e9bergement<\/span>\n\t\t\t\t\t<\/span>\n\t\t\t\t\t<\/a>\n\t\t\t\t<\/div>\n\t\t\t\t\t\t\t\t<\/div>\n\t\t\t\t<\/div>\n\t\t\t\t\t<\/div>\n\t\t<\/div>\n\t\t\t\t\t<\/div>\n\t\t<\/section>\n\t\t\t\t<section class=\"elementor-section elementor-top-section elementor-element elementor-element-76fe740e elementor-section-full_width elementor-section-height-min-height elementor-section-stretched elementor-hidden-tablet elementor-hidden-phone elementor-section-height-default elementor-section-items-middle\" data-id=\"76fe740e\" data-element_type=\"section\" data-e-type=\"section\" data-settings=\"{&quot;stretch_section&quot;:&quot;section-stretched&quot;}\">\n\t\t\t\t\t\t<div class=\"elementor-container elementor-column-gap-default\">\n\t\t\t\t\t<div class=\"elementor-column elementor-col-50 elementor-top-column elementor-element elementor-element-528b87a1\" data-id=\"528b87a1\" data-element_type=\"column\" data-e-type=\"column\" data-settings=\"{&quot;background_background&quot;:&quot;gradient&quot;}\">\n\t\t\t<div class=\"elementor-widget-wrap elementor-element-populated\">\n\t\t\t\t\t\t<div class=\"elementor-element elementor-element-39668deb elementor-widget elementor-widget-spacer\" data-id=\"39668deb\" data-element_type=\"widget\" data-e-type=\"widget\" data-widget_type=\"spacer.default\">\n\t\t\t\t<div class=\"elementor-widget-container\">\n\t\t\t\t\t\t\t<div class=\"elementor-spacer\">\n\t\t\t<div class=\"elementor-spacer-inner\"><\/div>\n\t\t<\/div>\n\t\t\t\t\t\t<\/div>\n\t\t\t\t<\/div>\n\t\t\t\t<div class=\"elementor-element elementor-element-bb8c2b1 elementor-widget elementor-widget-heading\" data-id=\"bb8c2b1\" data-element_type=\"widget\" data-e-type=\"widget\" data-widget_type=\"heading.default\">\n\t\t\t\t<div class=\"elementor-widget-container\">\n\t\t\t\t\t<h2 class=\"elementor-heading-title elementor-size-default\">Cr\u00e9ation et restyling de sites Web<\/h2>\t\t\t\t<\/div>\n\t\t\t\t<\/div>\n\t\t\t\t<div class=\"elementor-element elementor-element-56140645 elementor-widget elementor-widget-spacer\" data-id=\"56140645\" data-element_type=\"widget\" data-e-type=\"widget\" data-widget_type=\"spacer.default\">\n\t\t\t\t<div class=\"elementor-widget-container\">\n\t\t\t\t\t\t\t<div class=\"elementor-spacer\">\n\t\t\t<div class=\"elementor-spacer-inner\"><\/div>\n\t\t<\/div>\n\t\t\t\t\t\t<\/div>\n\t\t\t\t<\/div>\n\t\t\t\t<div class=\"elementor-element elementor-element-954d767 elementor-widget elementor-widget-text-editor\" data-id=\"954d767\" data-element_type=\"widget\" data-e-type=\"widget\" data-widget_type=\"text-editor.default\">\n\t\t\t\t<div class=\"elementor-widget-container\">\n\t\t\t\t\t\t\t\t\t<p>\u2022 Design personalis\u00e9<\/p>\n<p>\u2022 Etude d&rsquo;image d&rsquo;entreprise<\/p>\n<p>\u2022 R\u00e9activit\u00e9 (adaptation \u00e0 la navigation avec n&rsquo;importe quel appareil et navigateur)<\/p>\n<p>\u2022 Optimis\u00e9 pour \u00eatre visible par les principaux moteurs de recherche<\/p>\n<p>\u2022 Multilingue<\/p>\n<p>\u2022 Gestionnaire de t\u00e9l\u00e9chargement<\/p>\n\t\t\t\t\t\t\t\t<\/div>\n\t\t\t\t<\/div>\n\t\t\t\t<div class=\"elementor-element elementor-element-3d85333b elementor-widget elementor-widget-spacer\" data-id=\"3d85333b\" data-element_type=\"widget\" data-e-type=\"widget\" data-widget_type=\"spacer.default\">\n\t\t\t\t<div class=\"elementor-widget-container\">\n\t\t\t\t\t\t\t<div class=\"elementor-spacer\">\n\t\t\t<div class=\"elementor-spacer-inner\"><\/div>\n\t\t<\/div>\n\t\t\t\t\t\t<\/div>\n\t\t\t\t<\/div>\n\t\t\t\t<div class=\"elementor-element elementor-element-3dca51de elementor-widget elementor-widget-spacer\" data-id=\"3dca51de\" data-element_type=\"widget\" data-e-type=\"widget\" data-widget_type=\"spacer.default\">\n\t\t\t\t<div class=\"elementor-widget-container\">\n\t\t\t\t\t\t\t<div class=\"elementor-spacer\">\n\t\t\t<div class=\"elementor-spacer-inner\"><\/div>\n\t\t<\/div>\n\t\t\t\t\t\t<\/div>\n\t\t\t\t<\/div>\n\t\t\t\t\t<\/div>\n\t\t<\/div>\n\t\t\t\t<div class=\"elementor-column elementor-col-50 elementor-top-column elementor-element elementor-element-3facac04\" data-id=\"3facac04\" data-element_type=\"column\" data-e-type=\"column\" data-settings=\"{&quot;background_background&quot;:&quot;gradient&quot;}\">\n\t\t\t<div class=\"elementor-widget-wrap elementor-element-populated\">\n\t\t\t\t\t\t<div class=\"elementor-element elementor-element-79b0f4d6 elementor-widget elementor-widget-spacer\" data-id=\"79b0f4d6\" data-element_type=\"widget\" data-e-type=\"widget\" data-widget_type=\"spacer.default\">\n\t\t\t\t<div class=\"elementor-widget-container\">\n\t\t\t\t\t\t\t<div class=\"elementor-spacer\">\n\t\t\t<div class=\"elementor-spacer-inner\"><\/div>\n\t\t<\/div>\n\t\t\t\t\t\t<\/div>\n\t\t\t\t<\/div>\n\t\t\t\t<div class=\"elementor-element elementor-element-5e5211b2 elementor-widget elementor-widget-spacer\" data-id=\"5e5211b2\" data-element_type=\"widget\" data-e-type=\"widget\" data-widget_type=\"spacer.default\">\n\t\t\t\t<div class=\"elementor-widget-container\">\n\t\t\t\t\t\t\t<div class=\"elementor-spacer\">\n\t\t\t<div class=\"elementor-spacer-inner\"><\/div>\n\t\t<\/div>\n\t\t\t\t\t\t<\/div>\n\t\t\t\t<\/div>\n\t\t\t\t<div class=\"elementor-element elementor-element-1c5d9051 elementor-widget elementor-widget-spacer\" data-id=\"1c5d9051\" data-element_type=\"widget\" data-e-type=\"widget\" data-widget_type=\"spacer.default\">\n\t\t\t\t<div class=\"elementor-widget-container\">\n\t\t\t\t\t\t\t<div class=\"elementor-spacer\">\n\t\t\t<div class=\"elementor-spacer-inner\"><\/div>\n\t\t<\/div>\n\t\t\t\t\t\t<\/div>\n\t\t\t\t<\/div>\n\t\t\t\t\t<\/div>\n\t\t<\/div>\n\t\t\t\t\t<\/div>\n\t\t<\/section>\n\t\t\t\t<section class=\"elementor-section elementor-top-section elementor-element elementor-element-694868ee elementor-section-full_width elementor-section-height-min-height elementor-section-stretched elementor-hidden-tablet elementor-hidden-phone elementor-section-height-default elementor-section-items-middle\" data-id=\"694868ee\" data-element_type=\"section\" data-e-type=\"section\" data-settings=\"{&quot;stretch_section&quot;:&quot;section-stretched&quot;}\">\n\t\t\t\t\t\t<div class=\"elementor-container elementor-column-gap-default\">\n\t\t\t\t\t<div class=\"elementor-column elementor-col-100 elementor-top-column elementor-element elementor-element-60946ea5\" data-id=\"60946ea5\" data-element_type=\"column\" data-e-type=\"column\">\n\t\t\t<div class=\"elementor-widget-wrap elementor-element-populated\">\n\t\t\t\t\t\t<div class=\"elementor-element elementor-element-7dfa6d6d elementor-widget elementor-widget-image\" data-id=\"7dfa6d6d\" data-element_type=\"widget\" data-e-type=\"widget\" data-widget_type=\"image.default\">\n\t\t\t\t<div class=\"elementor-widget-container\">\n\t\t\t\t\t\t\t\t\t\t\t\t\t\t\t<img fetchpriority=\"high\" decoding=\"async\" width=\"1500\" height=\"1500\" src=\"https:\/\/e-park.ch\/wp-content\/uploads\/2020\/09\/Web_Websites.jpg\" class=\"attachment-full size-full wp-image-1839\" alt=\"Graphiques de site Web sur smartphone\" srcset=\"https:\/\/e-park.ch\/wp-content\/uploads\/2020\/09\/Web_Websites.jpg 1500w, https:\/\/e-park.ch\/wp-content\/uploads\/2020\/09\/Web_Websites-300x300.jpg 300w, https:\/\/e-park.ch\/wp-content\/uploads\/2020\/09\/Web_Websites-1024x1024.jpg 1024w, https:\/\/e-park.ch\/wp-content\/uploads\/2020\/09\/Web_Websites-150x150.jpg 150w, https:\/\/e-park.ch\/wp-content\/uploads\/2020\/09\/Web_Websites-768x768.jpg 768w\" sizes=\"(max-width: 1500px) 100vw, 1500px\" \/>\t\t\t\t\t\t\t\t\t\t\t\t\t\t\t<\/div>\n\t\t\t\t<\/div>\n\t\t\t\t\t<\/div>\n\t\t<\/div>\n\t\t\t\t\t<\/div>\n\t\t<\/section>\n\t\t\t\t<section class=\"elementor-section elementor-top-section elementor-element elementor-element-ca581c4 elementor-section-stretched elementor-hidden-desktop elementor-section-boxed elementor-section-height-default elementor-section-height-default\" data-id=\"ca581c4\" data-element_type=\"section\" data-e-type=\"section\" data-settings=\"{&quot;stretch_section&quot;:&quot;section-stretched&quot;,&quot;background_background&quot;:&quot;gradient&quot;}\">\n\t\t\t\t\t\t<div class=\"elementor-container elementor-column-gap-default\">\n\t\t\t\t\t<div class=\"elementor-column elementor-col-100 elementor-top-column elementor-element elementor-element-67beb0a\" data-id=\"67beb0a\" data-element_type=\"column\" data-e-type=\"column\" data-settings=\"{&quot;background_background&quot;:&quot;gradient&quot;}\">\n\t\t\t<div class=\"elementor-widget-wrap elementor-element-populated\">\n\t\t\t\t\t\t<div class=\"elementor-element elementor-element-c7272cb elementor-widget elementor-widget-heading\" data-id=\"c7272cb\" data-element_type=\"widget\" data-e-type=\"widget\" data-widget_type=\"heading.default\">\n\t\t\t\t<div class=\"elementor-widget-container\">\n\t\t\t\t\t<h2 class=\"elementor-heading-title elementor-size-default\">Cr\u00e9ation et restyling de sites Web<\/h2>\t\t\t\t<\/div>\n\t\t\t\t<\/div>\n\t\t\t\t<div class=\"elementor-element elementor-element-8c11c25 elementor-widget elementor-widget-text-editor\" data-id=\"8c11c25\" data-element_type=\"widget\" data-e-type=\"widget\" data-widget_type=\"text-editor.default\">\n\t\t\t\t<div class=\"elementor-widget-container\">\n\t\t\t\t\t\t\t\t\t<p>\u2022 Design personalis\u00e9<\/p>\n<p>\u2022 Etude d&rsquo;image d&rsquo;entreprise<\/p>\n<p>\u2022 R\u00e9activit\u00e9 (adaptation \u00e0 la navigation avec n&rsquo;importe quel appareil et navigateur)<\/p>\n<p>\u2022 Optimis\u00e9 pour \u00eatre visible par les principaux moteurs de recherche<\/p>\n<p>\u2022 Multilingue<\/p>\n<p>\u2022 Gestionnaire de t\u00e9l\u00e9chargement<\/p>\n\t\t\t\t\t\t\t\t<\/div>\n\t\t\t\t<\/div>\n\t\t\t\t<div class=\"elementor-element elementor-element-2c65c0a elementor-widget elementor-widget-spacer\" data-id=\"2c65c0a\" data-element_type=\"widget\" data-e-type=\"widget\" data-widget_type=\"spacer.default\">\n\t\t\t\t<div class=\"elementor-widget-container\">\n\t\t\t\t\t\t\t<div class=\"elementor-spacer\">\n\t\t\t<div class=\"elementor-spacer-inner\"><\/div>\n\t\t<\/div>\n\t\t\t\t\t\t<\/div>\n\t\t\t\t<\/div>\n\t\t\t\t\t<\/div>\n\t\t<\/div>\n\t\t\t\t\t<\/div>\n\t\t<\/section>\n\t\t\t\t<section class=\"elementor-section elementor-top-section elementor-element elementor-element-33d473c9 elementor-section-stretched elementor-section-full_width elementor-hidden-desktop elementor-section-height-default elementor-section-height-default\" data-id=\"33d473c9\" data-element_type=\"section\" data-e-type=\"section\" data-settings=\"{&quot;stretch_section&quot;:&quot;section-stretched&quot;}\">\n\t\t\t\t\t\t<div class=\"elementor-container elementor-column-gap-default\">\n\t\t\t\t\t<div class=\"elementor-column elementor-col-100 elementor-top-column elementor-element elementor-element-693a90ed\" data-id=\"693a90ed\" data-element_type=\"column\" data-e-type=\"column\">\n\t\t\t<div class=\"elementor-widget-wrap elementor-element-populated\">\n\t\t\t\t\t\t<div class=\"elementor-element elementor-element-26edf34c elementor-widget elementor-widget-image\" data-id=\"26edf34c\" data-element_type=\"widget\" data-e-type=\"widget\" data-widget_type=\"image.default\">\n\t\t\t\t<div class=\"elementor-widget-container\">\n\t\t\t\t\t\t\t\t\t\t\t\t\t\t\t<img fetchpriority=\"high\" decoding=\"async\" width=\"1500\" height=\"1500\" src=\"https:\/\/e-park.ch\/wp-content\/uploads\/2020\/09\/Web_Websites.jpg\" class=\"attachment-full size-full wp-image-1839\" alt=\"Graphiques de site Web sur smartphone\" srcset=\"https:\/\/e-park.ch\/wp-content\/uploads\/2020\/09\/Web_Websites.jpg 1500w, https:\/\/e-park.ch\/wp-content\/uploads\/2020\/09\/Web_Websites-300x300.jpg 300w, https:\/\/e-park.ch\/wp-content\/uploads\/2020\/09\/Web_Websites-1024x1024.jpg 1024w, https:\/\/e-park.ch\/wp-content\/uploads\/2020\/09\/Web_Websites-150x150.jpg 150w, https:\/\/e-park.ch\/wp-content\/uploads\/2020\/09\/Web_Websites-768x768.jpg 768w\" sizes=\"(max-width: 1500px) 100vw, 1500px\" \/>\t\t\t\t\t\t\t\t\t\t\t\t\t\t\t<\/div>\n\t\t\t\t<\/div>\n\t\t\t\t\t<\/div>\n\t\t<\/div>\n\t\t\t\t\t<\/div>\n\t\t<\/section>\n\t\t\t\t<\/div>\n\t\t","protected":false},"excerpt":{"rendered":"<p>Cr\u00e9ation de sites web Nous \u00e9tudions la meilleure solution pour la communication de votre entreprise et de vos produits et livrons un produit fonctionnel et facile \u00e0 g\u00e9rer. Nous proposons des solutions simples, adapt\u00e9es \u00e0 chaque besoin.Nous proposons des solutions simples, adapt\u00e9es \u00e0 chaque besoin. Services d&rsquo;h\u00e9bergement Cr\u00e9ation et restyling de sites Web \u2022 Design [&hellip;]<\/p>\n","protected":false},"author":1,"featured_media":0,"parent":0,"menu_order":0,"comment_status":"closed","ping_status":"closed","template":"","meta":{"ocean_post_layout":"","ocean_both_sidebars_style":"","ocean_both_sidebars_content_width":0,"ocean_both_sidebars_sidebars_width":0,"ocean_sidebar":"0","ocean_second_sidebar":"0","ocean_disable_margins":"enable","ocean_add_body_class":"","ocean_shortcode_before_top_bar":"","ocean_shortcode_after_top_bar":"","ocean_shortcode_before_header":"","ocean_shortcode_after_header":"","ocean_has_shortcode":"","ocean_shortcode_after_title":"","ocean_shortcode_before_footer_widgets":"","ocean_shortcode_after_footer_widgets":"","ocean_shortcode_before_footer_bottom":"","ocean_shortcode_after_footer_bottom":"","ocean_display_top_bar":"default","ocean_display_header":"default","ocean_header_style":"","ocean_center_header_left_menu":"0","ocean_custom_header_template":"0","ocean_custom_logo":0,"ocean_custom_retina_logo":0,"ocean_custom_logo_max_width":0,"ocean_custom_logo_tablet_max_width":0,"ocean_custom_logo_mobile_max_width":0,"ocean_custom_logo_max_height":0,"ocean_custom_logo_tablet_max_height":0,"ocean_custom_logo_mobile_max_height":0,"ocean_header_custom_menu":"0","ocean_menu_typo_font_family":"0","ocean_menu_typo_font_subset":"","ocean_menu_typo_font_size":0,"ocean_menu_typo_font_size_tablet":0,"ocean_menu_typo_font_size_mobile":0,"ocean_menu_typo_font_size_unit":"px","ocean_menu_typo_font_weight":"","ocean_menu_typo_font_weight_tablet":"","ocean_menu_typo_font_weight_mobile":"","ocean_menu_typo_transform":"","ocean_menu_typo_transform_tablet":"","ocean_menu_typo_transform_mobile":"","ocean_menu_typo_line_height":0,"ocean_menu_typo_line_height_tablet":0,"ocean_menu_typo_line_height_mobile":0,"ocean_menu_typo_line_height_unit":"","ocean_menu_typo_spacing":0,"ocean_menu_typo_spacing_tablet":0,"ocean_menu_typo_spacing_mobile":0,"ocean_menu_typo_spacing_unit":"","ocean_menu_link_color":"","ocean_menu_link_color_hover":"","ocean_menu_link_color_active":"","ocean_menu_link_background":"","ocean_menu_link_hover_background":"","ocean_menu_link_active_background":"","ocean_menu_social_links_bg":"","ocean_menu_social_hover_links_bg":"","ocean_menu_social_links_color":"","ocean_menu_social_hover_links_color":"","ocean_disable_title":"default","ocean_disable_heading":"default","ocean_post_title":"","ocean_post_subheading":"","ocean_post_title_style":"","ocean_post_title_background_color":"","ocean_post_title_background":0,"ocean_post_title_bg_image_position":"","ocean_post_title_bg_image_attachment":"","ocean_post_title_bg_image_repeat":"","ocean_post_title_bg_image_size":"","ocean_post_title_height":0,"ocean_post_title_bg_overlay":0.5,"ocean_post_title_bg_overlay_color":"","ocean_disable_breadcrumbs":"default","ocean_breadcrumbs_color":"","ocean_breadcrumbs_separator_color":"","ocean_breadcrumbs_links_color":"","ocean_breadcrumbs_links_hover_color":"","ocean_display_footer_widgets":"default","ocean_display_footer_bottom":"default","ocean_custom_footer_template":"0","footnotes":""},"class_list":["post-1837","page","type-page","status-publish","hentry","entry"],"yoast_head":"<!-- This site is optimized with the Yoast SEO plugin v25.8 - https:\/\/yoast.com\/wordpress\/plugins\/seo\/ -->\n<title>E-park - Cr\u00e9ation de sites Web professionnels pour votre entreprise ou entreprise.<\/title>\n<meta name=\"description\" content=\"E-park - Cr\u00e9ation de sites Web professionnels pour votre entreprise ou entreprise Nous \u00e9tudions la meilleure solution \u00e0 vos besoins.\" \/>\n<meta name=\"robots\" content=\"index, follow, max-snippet:-1, max-image-preview:large, max-video-preview:-1\" \/>\n<link rel=\"canonical\" href=\"https:\/\/e-park.ch\/fr\/web\/\" \/>\n<meta property=\"og:locale\" content=\"fr_FR\" \/>\n<meta property=\"og:type\" content=\"article\" \/>\n<meta property=\"og:title\" content=\"E-park - Cr\u00e9ation de sites Web professionnels pour votre entreprise ou entreprise.\" \/>\n<meta property=\"og:description\" content=\"E-park - Cr\u00e9ation de sites Web professionnels pour votre entreprise ou entreprise Nous \u00e9tudions la meilleure solution \u00e0 vos besoins.\" \/>\n<meta property=\"og:url\" content=\"https:\/\/e-park.ch\/fr\/web\/\" \/>\n<meta property=\"og:site_name\" content=\"E-park\" \/>\n<meta property=\"article:publisher\" content=\"https:\/\/www.facebook.com\/eparkstudio\/\" \/>\n<meta property=\"article:modified_time\" content=\"2023-03-07T08:42:36+00:00\" \/>\n<meta property=\"og:image\" content=\"https:\/\/e-park.ch\/wp-content\/uploads\/2020\/09\/Web_Websites.jpg\" \/>\n<meta name=\"twitter:card\" content=\"summary_large_image\" \/>\n<meta name=\"twitter:label1\" content=\"Dur\u00e9e de lecture estim\u00e9e\" \/>\n\t<meta name=\"twitter:data1\" content=\"2 minutes\" \/>\n<script type=\"application\/ld+json\" class=\"yoast-schema-graph\">{\"@context\":\"https:\/\/schema.org\",\"@graph\":[{\"@type\":\"WebPage\",\"@id\":\"https:\/\/e-park.ch\/fr\/web\/\",\"url\":\"https:\/\/e-park.ch\/fr\/web\/\",\"name\":\"E-park - Cr\u00e9ation de sites Web professionnels pour votre entreprise ou entreprise.\",\"isPartOf\":{\"@id\":\"https:\/\/e-park.ch\/fr\/#website\"},\"primaryImageOfPage\":{\"@id\":\"https:\/\/e-park.ch\/fr\/web\/#primaryimage\"},\"image\":{\"@id\":\"https:\/\/e-park.ch\/fr\/web\/#primaryimage\"},\"thumbnailUrl\":\"https:\/\/e-park.ch\/wp-content\/uploads\/2020\/09\/Web_Websites.jpg\",\"datePublished\":\"2020-10-08T09:45:59+00:00\",\"dateModified\":\"2023-03-07T08:42:36+00:00\",\"description\":\"E-park - Cr\u00e9ation de sites Web professionnels pour votre entreprise ou entreprise Nous \u00e9tudions la meilleure solution \u00e0 vos besoins.\",\"breadcrumb\":{\"@id\":\"https:\/\/e-park.ch\/fr\/web\/#breadcrumb\"},\"inLanguage\":\"fr-FR\",\"potentialAction\":[{\"@type\":\"ReadAction\",\"target\":[\"https:\/\/e-park.ch\/fr\/web\/\"]}]},{\"@type\":\"ImageObject\",\"inLanguage\":\"fr-FR\",\"@id\":\"https:\/\/e-park.ch\/fr\/web\/#primaryimage\",\"url\":\"https:\/\/e-park.ch\/wp-content\/uploads\/2020\/09\/Web_Websites.jpg\",\"contentUrl\":\"https:\/\/e-park.ch\/wp-content\/uploads\/2020\/09\/Web_Websites.jpg\"},{\"@type\":\"BreadcrumbList\",\"@id\":\"https:\/\/e-park.ch\/fr\/web\/#breadcrumb\",\"itemListElement\":[{\"@type\":\"ListItem\",\"position\":1,\"name\":\"Home\",\"item\":\"https:\/\/e-park.ch\/fr\/\"},{\"@type\":\"ListItem\",\"position\":2,\"name\":\"Web\"}]},{\"@type\":\"WebSite\",\"@id\":\"https:\/\/e-park.ch\/fr\/#website\",\"url\":\"https:\/\/e-park.ch\/fr\/\",\"name\":\"e-park\",\"description\":\"multimedia studio\",\"publisher\":{\"@id\":\"https:\/\/e-park.ch\/fr\/#organization\"},\"potentialAction\":[{\"@type\":\"SearchAction\",\"target\":{\"@type\":\"EntryPoint\",\"urlTemplate\":\"https:\/\/e-park.ch\/fr\/?s={search_term_string}\"},\"query-input\":{\"@type\":\"PropertyValueSpecification\",\"valueRequired\":true,\"valueName\":\"search_term_string\"}}],\"inLanguage\":\"fr-FR\"},{\"@type\":\"Organization\",\"@id\":\"https:\/\/e-park.ch\/fr\/#organization\",\"name\":\"Electropark\",\"url\":\"https:\/\/e-park.ch\/fr\/\",\"logo\":{\"@type\":\"ImageObject\",\"inLanguage\":\"fr-FR\",\"@id\":\"https:\/\/e-park.ch\/fr\/#\/schema\/logo\/image\/\",\"url\":\"https:\/\/e-park.ch\/wp-content\/uploads\/2020\/09\/logo_epark_colori_2019.png\",\"contentUrl\":\"https:\/\/e-park.ch\/wp-content\/uploads\/2020\/09\/logo_epark_colori_2019.png\",\"width\":800,\"height\":400,\"caption\":\"Electropark\"},\"image\":{\"@id\":\"https:\/\/e-park.ch\/fr\/#\/schema\/logo\/image\/\"},\"sameAs\":[\"https:\/\/www.facebook.com\/eparkstudio\/\",\"https:\/\/www.instagram.com\/e_park_studio\/\",\"https:\/\/www.youtube.com\/channel\/UCdTmqyCynF-CB-h94s4YCJg\"]}]}<\/script>\n<!-- \/ Yoast SEO plugin. -->","yoast_head_json":{"title":"E-park - Cr\u00e9ation de sites Web professionnels pour votre entreprise ou entreprise.","description":"E-park - Cr\u00e9ation de sites Web professionnels pour votre entreprise ou entreprise Nous \u00e9tudions la meilleure solution \u00e0 vos besoins.","robots":{"index":"index","follow":"follow","max-snippet":"max-snippet:-1","max-image-preview":"max-image-preview:large","max-video-preview":"max-video-preview:-1"},"canonical":"https:\/\/e-park.ch\/fr\/web\/","og_locale":"fr_FR","og_type":"article","og_title":"E-park - Cr\u00e9ation de sites Web professionnels pour votre entreprise ou entreprise.","og_description":"E-park - Cr\u00e9ation de sites Web professionnels pour votre entreprise ou entreprise Nous \u00e9tudions la meilleure solution \u00e0 vos besoins.","og_url":"https:\/\/e-park.ch\/fr\/web\/","og_site_name":"E-park","article_publisher":"https:\/\/www.facebook.com\/eparkstudio\/","article_modified_time":"2023-03-07T08:42:36+00:00","og_image":[{"url":"https:\/\/e-park.ch\/wp-content\/uploads\/2020\/09\/Web_Websites.jpg","type":"","width":"","height":""}],"twitter_card":"summary_large_image","twitter_misc":{"Dur\u00e9e de lecture estim\u00e9e":"2 minutes"},"schema":{"@context":"https:\/\/schema.org","@graph":[{"@type":"WebPage","@id":"https:\/\/e-park.ch\/fr\/web\/","url":"https:\/\/e-park.ch\/fr\/web\/","name":"E-park - Cr\u00e9ation de sites Web professionnels pour votre entreprise ou entreprise.","isPartOf":{"@id":"https:\/\/e-park.ch\/fr\/#website"},"primaryImageOfPage":{"@id":"https:\/\/e-park.ch\/fr\/web\/#primaryimage"},"image":{"@id":"https:\/\/e-park.ch\/fr\/web\/#primaryimage"},"thumbnailUrl":"https:\/\/e-park.ch\/wp-content\/uploads\/2020\/09\/Web_Websites.jpg","datePublished":"2020-10-08T09:45:59+00:00","dateModified":"2023-03-07T08:42:36+00:00","description":"E-park - Cr\u00e9ation de sites Web professionnels pour votre entreprise ou entreprise Nous \u00e9tudions la meilleure solution \u00e0 vos besoins.","breadcrumb":{"@id":"https:\/\/e-park.ch\/fr\/web\/#breadcrumb"},"inLanguage":"fr-FR","potentialAction":[{"@type":"ReadAction","target":["https:\/\/e-park.ch\/fr\/web\/"]}]},{"@type":"ImageObject","inLanguage":"fr-FR","@id":"https:\/\/e-park.ch\/fr\/web\/#primaryimage","url":"https:\/\/e-park.ch\/wp-content\/uploads\/2020\/09\/Web_Websites.jpg","contentUrl":"https:\/\/e-park.ch\/wp-content\/uploads\/2020\/09\/Web_Websites.jpg"},{"@type":"BreadcrumbList","@id":"https:\/\/e-park.ch\/fr\/web\/#breadcrumb","itemListElement":[{"@type":"ListItem","position":1,"name":"Home","item":"https:\/\/e-park.ch\/fr\/"},{"@type":"ListItem","position":2,"name":"Web"}]},{"@type":"WebSite","@id":"https:\/\/e-park.ch\/fr\/#website","url":"https:\/\/e-park.ch\/fr\/","name":"e-park","description":"multimedia studio","publisher":{"@id":"https:\/\/e-park.ch\/fr\/#organization"},"potentialAction":[{"@type":"SearchAction","target":{"@type":"EntryPoint","urlTemplate":"https:\/\/e-park.ch\/fr\/?s={search_term_string}"},"query-input":{"@type":"PropertyValueSpecification","valueRequired":true,"valueName":"search_term_string"}}],"inLanguage":"fr-FR"},{"@type":"Organization","@id":"https:\/\/e-park.ch\/fr\/#organization","name":"Electropark","url":"https:\/\/e-park.ch\/fr\/","logo":{"@type":"ImageObject","inLanguage":"fr-FR","@id":"https:\/\/e-park.ch\/fr\/#\/schema\/logo\/image\/","url":"https:\/\/e-park.ch\/wp-content\/uploads\/2020\/09\/logo_epark_colori_2019.png","contentUrl":"https:\/\/e-park.ch\/wp-content\/uploads\/2020\/09\/logo_epark_colori_2019.png","width":800,"height":400,"caption":"Electropark"},"image":{"@id":"https:\/\/e-park.ch\/fr\/#\/schema\/logo\/image\/"},"sameAs":["https:\/\/www.facebook.com\/eparkstudio\/","https:\/\/www.instagram.com\/e_park_studio\/","https:\/\/www.youtube.com\/channel\/UCdTmqyCynF-CB-h94s4YCJg"]}]}},"_links":{"self":[{"href":"https:\/\/e-park.ch\/fr\/wp-json\/wp\/v2\/pages\/1837","targetHints":{"allow":["GET"]}}],"collection":[{"href":"https:\/\/e-park.ch\/fr\/wp-json\/wp\/v2\/pages"}],"about":[{"href":"https:\/\/e-park.ch\/fr\/wp-json\/wp\/v2\/types\/page"}],"author":[{"embeddable":true,"href":"https:\/\/e-park.ch\/fr\/wp-json\/wp\/v2\/users\/1"}],"replies":[{"embeddable":true,"href":"https:\/\/e-park.ch\/fr\/wp-json\/wp\/v2\/comments?post=1837"}],"version-history":[{"count":14,"href":"https:\/\/e-park.ch\/fr\/wp-json\/wp\/v2\/pages\/1837\/revisions"}],"predecessor-version":[{"id":3251,"href":"https:\/\/e-park.ch\/fr\/wp-json\/wp\/v2\/pages\/1837\/revisions\/3251"}],"wp:attachment":[{"href":"https:\/\/e-park.ch\/fr\/wp-json\/wp\/v2\/media?parent=1837"}],"curies":[{"name":"wp","href":"https:\/\/api.w.org\/{rel}","templated":true}]}}