{"id":2426,"date":"2020-10-13T12:25:08","date_gmt":"2020-10-13T12:25:08","guid":{"rendered":"https:\/\/e-park.ch\/reconnaissance-rsi\/"},"modified":"2020-10-13T12:29:08","modified_gmt":"2020-10-13T12:29:08","slug":"reconnaissance-rsi","status":"publish","type":"page","link":"https:\/\/e-park.ch\/fr\/reconnaissance-rsi\/","title":{"rendered":"Reconnaissance RSI"},"content":{"rendered":"\t\t<div data-elementor-type=\"wp-page\" data-elementor-id=\"2426\" class=\"elementor elementor-2426 elementor-439\">\n\t\t\t\t\t\t<section class=\"elementor-section elementor-top-section elementor-element elementor-element-61aaf5b0 elementor-section-stretched elementor-section-boxed elementor-section-height-default elementor-section-height-default\" data-id=\"61aaf5b0\" data-element_type=\"section\" data-e-type=\"section\" data-settings=\"{&quot;stretch_section&quot;:&quot;section-stretched&quot;}\">\n\t\t\t\t\t\t<div class=\"elementor-container elementor-column-gap-default\">\n\t\t\t\t\t<div class=\"elementor-column elementor-col-100 elementor-top-column elementor-element elementor-element-1315b0f\" data-id=\"1315b0f\" data-element_type=\"column\" data-e-type=\"column\">\n\t\t\t<div class=\"elementor-widget-wrap elementor-element-populated\">\n\t\t\t\t\t\t<div class=\"elementor-element elementor-element-11949e98 elementor-widget elementor-widget-heading\" data-id=\"11949e98\" data-element_type=\"widget\" data-e-type=\"widget\" data-widget_type=\"heading.default\">\n\t\t\t\t<div class=\"elementor-widget-container\">\n\t\t\t\t\t<h2 class=\"elementor-heading-title elementor-size-default\">Reconnaissance<\/h2>\t\t\t\t<\/div>\n\t\t\t\t<\/div>\n\t\t\t\t<div class=\"elementor-element elementor-element-9d859f elementor-widget elementor-widget-text-editor\" data-id=\"9d859f\" data-element_type=\"widget\" data-e-type=\"widget\" data-widget_type=\"text-editor.default\">\n\t\t\t\t<div class=\"elementor-widget-container\">\n\t\t\t\t\t\t\t\t\t<p>\u201cIL RITORNO DI ANDREA\u201d, par Mirella De Paris et Claudio Condolf.<\/p>\n\t\t\t\t\t\t\t\t<\/div>\n\t\t\t\t<\/div>\n\t\t\t\t<div class=\"elementor-element elementor-element-3259bdd elementor-widget-divider--view-line elementor-widget elementor-widget-divider\" data-id=\"3259bdd\" data-element_type=\"widget\" data-e-type=\"widget\" data-widget_type=\"divider.default\">\n\t\t\t\t<div class=\"elementor-widget-container\">\n\t\t\t\t\t\t\t<div class=\"elementor-divider\">\n\t\t\t<span class=\"elementor-divider-separator\">\n\t\t\t\t\t\t<\/span>\n\t\t<\/div>\n\t\t\t\t\t\t<\/div>\n\t\t\t\t<\/div>\n\t\t\t\t<div class=\"elementor-element elementor-element-41d795e elementor-widget elementor-widget-text-editor\" data-id=\"41d795e\" data-element_type=\"widget\" data-e-type=\"widget\" data-widget_type=\"text-editor.default\">\n\t\t\t\t<div class=\"elementor-widget-container\">\n\t\t\t\t\t\t\t\t\t<p>PRIX RSI 2005<\/p>\n\t\t\t\t\t\t\t\t<\/div>\n\t\t\t\t<\/div>\n\t\t\t\t<div class=\"elementor-element elementor-element-52b3bac elementor-align-center elementor-widget elementor-widget-button\" data-id=\"52b3bac\" data-element_type=\"widget\" data-e-type=\"widget\" data-widget_type=\"button.default\">\n\t\t\t\t<div class=\"elementor-widget-container\">\n\t\t\t\t\t\t\t\t\t<div class=\"elementor-button-wrapper\">\n\t\t\t\t\t<a class=\"elementor-button elementor-button-link elementor-size-sm\" href=\"https:\/\/www.rsi.ch\/speciali\/cultura\/premio-rsi\/Premio-RSI-Canevascini-5855758.html\" target=\"_blank\">\n\t\t\t\t\t\t<span class=\"elementor-button-content-wrapper\">\n\t\t\t\t\t\t\t\t\t<span class=\"elementor-button-text\">Regardez le documentaire<\/span>\n\t\t\t\t\t<\/span>\n\t\t\t\t\t<\/a>\n\t\t\t\t<\/div>\n\t\t\t\t\t\t\t\t<\/div>\n\t\t\t\t<\/div>\n\t\t\t\t\t<\/div>\n\t\t<\/div>\n\t\t\t\t\t<\/div>\n\t\t<\/section>\n\t\t\t\t<section class=\"elementor-section elementor-top-section elementor-element elementor-element-7055474 elementor-section-stretched elementor-section-boxed elementor-section-height-default elementor-section-height-default\" data-id=\"7055474\" data-element_type=\"section\" data-e-type=\"section\" data-settings=\"{&quot;stretch_section&quot;:&quot;section-stretched&quot;}\">\n\t\t\t\t\t\t<div class=\"elementor-container elementor-column-gap-default\">\n\t\t\t\t\t<div class=\"elementor-column elementor-col-50 elementor-top-column elementor-element elementor-element-efd5ac7\" data-id=\"efd5ac7\" data-element_type=\"column\" data-e-type=\"column\">\n\t\t\t<div class=\"elementor-widget-wrap elementor-element-populated\">\n\t\t\t\t\t\t<div class=\"elementor-element elementor-element-490da1a elementor-widget elementor-widget-text-editor\" data-id=\"490da1a\" data-element_type=\"widget\" data-e-type=\"widget\" data-widget_type=\"text-editor.default\">\n\t\t\t\t<div class=\"elementor-widget-container\">\n\t\t\t\t\t\t\t\t\t<p>Prix \u200b\u200bdans la cat\u00e9gorie <br \/> documentaires radio pour <br \/> l&rsquo;originalit\u00e9 du point de <br \/> observation en relation <br \/> \u00e0 l&rsquo;\u00e9v\u00e9nement \u00e9voqu\u00e9, pour le <br \/>\nrigueur de construction et pour <br \/> l&rsquo;efficacit\u00e9 du d\u00e9veloppement narratif.<\/p>\n\t\t\t\t\t\t\t\t<\/div>\n\t\t\t\t<\/div>\n\t\t\t\t<div class=\"elementor-element elementor-element-1b19060 elementor-widget elementor-widget-text-editor\" data-id=\"1b19060\" data-element_type=\"widget\" data-e-type=\"widget\" data-widget_type=\"text-editor.default\">\n\t\t\t\t<div class=\"elementor-widget-container\">\n\t\t\t\t\t\t\t\t\t<p>Le jury du \u00ab\u00a02005 RSI Award\u00a0\u00bb pr\u00e9sid\u00e9 par Claudio Generali, pr\u00e9sident du CORSI, et qui comprenait le critique de t\u00e9l\u00e9vision Aldo Grasso, le musicologue Carlo Piccardi, le r\u00e9dacteur en chef de Radio 24 Alessandra Scaglioni, le directeur de Radio Fiume Ticino Oscar Acciari, le professeur de communication radio \u00e0 l&rsquo;USI Ruth Hunberb\u00fchler et le repr\u00e9sentant du Conseil du public Marco Tognola, ont d\u00e9cern\u00e9 le prix de la cat\u00e9gorie \u00ab\u00a0Radio-documentaires\u00a0\u00bb \u00e0 Mirella De Paris et Claudio Condolf pour le documentaire \u00ab\u00a0Le retour d&rsquo;Andrea\u00a0\u00bb, avec le motivation: \u00ab\u00a0Pour l&rsquo;originalit\u00e9 du point d&rsquo;observation par rapport \u00e0 l&rsquo;\u00e9v\u00e9nement \u00e9voqu\u00e9, pour la rigueur de la construction et pour l&rsquo;efficacit\u00e9 du d\u00e9veloppement narratif\u00a0\u00bb<\/p>\n\t\t\t\t\t\t\t\t<\/div>\n\t\t\t\t<\/div>\n\t\t\t\t<div class=\"elementor-element elementor-element-fc87c33 elementor-widget elementor-widget-text-editor\" data-id=\"fc87c33\" data-element_type=\"widget\" data-e-type=\"widget\" data-widget_type=\"text-editor.default\">\n\t\t\t\t<div class=\"elementor-widget-container\">\n\t\t\t\t\t\t\t\t\t<p>L&rsquo;\u00e9v\u00e9nement \u00e9voqu\u00e9 est le crime inf\u00e2me de Ponte Capriasca du 3 d\u00e9cembre 2002: une formidable histoire, maintes fois racont\u00e9e dans les reportages, reprise par Mirella De Paris et Claudio Condolf avec un visage diff\u00e9rent, moins chronique et beaucoup plus humain. pour d\u00e9couvrir l&rsquo;\u00e2me et les sentiments de ceux qui ont v\u00e9cu ces \u00e9v\u00e9nements de diff\u00e9rentes mani\u00e8res.<\/p>\n\t\t\t\t\t\t\t\t<\/div>\n\t\t\t\t<\/div>\n\t\t\t\t<div class=\"elementor-element elementor-element-7c6a590 elementor-widget elementor-widget-spacer\" data-id=\"7c6a590\" data-element_type=\"widget\" data-e-type=\"widget\" data-widget_type=\"spacer.default\">\n\t\t\t\t<div class=\"elementor-widget-container\">\n\t\t\t\t\t\t\t<div class=\"elementor-spacer\">\n\t\t\t<div class=\"elementor-spacer-inner\"><\/div>\n\t\t<\/div>\n\t\t\t\t\t\t<\/div>\n\t\t\t\t<\/div>\n\t\t\t\t\t<\/div>\n\t\t<\/div>\n\t\t\t\t<div class=\"elementor-column elementor-col-50 elementor-top-column elementor-element elementor-element-ecee08c\" data-id=\"ecee08c\" data-element_type=\"column\" data-e-type=\"column\">\n\t\t\t<div class=\"elementor-widget-wrap elementor-element-populated\">\n\t\t\t\t\t\t<div class=\"elementor-element elementor-element-f1023f3 elementor-widget elementor-widget-spacer\" data-id=\"f1023f3\" data-element_type=\"widget\" data-e-type=\"widget\" data-widget_type=\"spacer.default\">\n\t\t\t\t<div class=\"elementor-widget-container\">\n\t\t\t\t\t\t\t<div class=\"elementor-spacer\">\n\t\t\t<div class=\"elementor-spacer-inner\"><\/div>\n\t\t<\/div>\n\t\t\t\t\t\t<\/div>\n\t\t\t\t<\/div>\n\t\t\t\t<div class=\"elementor-element elementor-element-e26a673 elementor-widget elementor-widget-text-editor\" data-id=\"e26a673\" data-element_type=\"widget\" data-e-type=\"widget\" data-widget_type=\"text-editor.default\">\n\t\t\t\t<div class=\"elementor-widget-container\">\n\t\t\t\t\t\t\t\t\t<p>Le documentaire a pleinement convaincu le jury, qui n&rsquo;a pas r\u00e9ussi \u00e0 identifier une \u0153uvre tout aussi convaincante pour la cat\u00e9gorie Divertissement. Tout en notant la pr\u00e9sence de contributions appr\u00e9ciables, le jury n&rsquo;a pas trouv\u00e9 suffisamment d&rsquo;id\u00e9es innovantes pour aboutir \u00e0 une r\u00e9alisation compl\u00e8te. Le jury a examin\u00e9 les 34 \u0153uvres en comp\u00e9tition et pour la cat\u00e9gorie Documentaire, en plus de celle prim\u00e9e, a rapport\u00e9: Mont Ventoux de Paolo Guglielmoni, Au-del\u00e0 de la mer de Tiziano Bovini et Il God da Tamangur une promenade dans le bois romanche de Doris Lucini et Raniero Fratini. Pour la cat\u00e9gorie Divertissement: Trois salles de Chiara Zocchi, Christian Gilardi et Zeno Gabaglio, Freak wars de Flavio Sala et Ottavio Panzeri et l&rsquo;album photo de Feo Del Maffeo.   <\/p>\n\t\t\t\t\t\t\t\t<\/div>\n\t\t\t\t<\/div>\n\t\t\t\t<div class=\"elementor-element elementor-element-8237d28 elementor-widget elementor-widget-text-editor\" data-id=\"8237d28\" data-element_type=\"widget\" data-e-type=\"widget\" data-widget_type=\"text-editor.default\">\n\t\t\t\t<div class=\"elementor-widget-container\">\n\t\t\t\t\t\t\t\t\t<p>Le \u00abRSI Award\u00bb, qui depuis 2001 a recueilli l&rsquo;h\u00e9ritage glorieux du \u00abCanevascini Award\u00bb, se cl\u00f4turera le 16 d\u00e9cembre par la c\u00e9r\u00e9monie officielle de remise des prix aux studios RSI.<\/p>\n\t\t\t\t\t\t\t\t<\/div>\n\t\t\t\t<\/div>\n\t\t\t\t\t<\/div>\n\t\t<\/div>\n\t\t\t\t\t<\/div>\n\t\t<\/section>\n\t\t\t\t<section class=\"elementor-section elementor-top-section elementor-element elementor-element-2e3a6c4 elementor-section-stretched elementor-section-boxed elementor-section-height-default elementor-section-height-default\" data-id=\"2e3a6c4\" data-element_type=\"section\" data-e-type=\"section\" data-settings=\"{&quot;stretch_section&quot;:&quot;section-stretched&quot;}\">\n\t\t\t\t\t\t<div class=\"elementor-container elementor-column-gap-default\">\n\t\t\t\t\t<div class=\"elementor-column elementor-col-100 elementor-top-column elementor-element elementor-element-3864f49\" data-id=\"3864f49\" data-element_type=\"column\" data-e-type=\"column\">\n\t\t\t<div class=\"elementor-widget-wrap elementor-element-populated\">\n\t\t\t\t\t\t<div class=\"elementor-element elementor-element-5da5569 elementor-widget elementor-widget-text-editor\" data-id=\"5da5569\" data-element_type=\"widget\" data-e-type=\"widget\" data-widget_type=\"text-editor.default\">\n\t\t\t\t<div class=\"elementor-widget-container\">\n\t\t\t\t\t\t\t\t\t<p>Source: RSI Radiotelevisione Svizzera Italiana<\/p>\n\t\t\t\t\t\t\t\t<\/div>\n\t\t\t\t<\/div>\n\t\t\t\t\t<\/div>\n\t\t<\/div>\n\t\t\t\t\t<\/div>\n\t\t<\/section>\n\t\t\t\t<\/div>\n\t\t","protected":false},"excerpt":{"rendered":"<p>Reconnaissance \u201cIL RITORNO DI ANDREA\u201d, par Mirella De Paris et Claudio Condolf. PRIX RSI 2005 Regardez le documentaire Prix \u200b\u200bdans la cat\u00e9gorie documentaires radio pour l&rsquo;originalit\u00e9 du point de observation en relation \u00e0 l&rsquo;\u00e9v\u00e9nement \u00e9voqu\u00e9, pour le rigueur de construction et pour l&rsquo;efficacit\u00e9 du d\u00e9veloppement narratif. Le jury du \u00ab\u00a02005 RSI Award\u00a0\u00bb pr\u00e9sid\u00e9 par Claudio [&hellip;]<\/p>\n","protected":false},"author":1,"featured_media":0,"parent":0,"menu_order":0,"comment_status":"closed","ping_status":"closed","template":"","meta":{"ocean_post_layout":"","ocean_both_sidebars_style":"","ocean_both_sidebars_content_width":0,"ocean_both_sidebars_sidebars_width":0,"ocean_sidebar":"0","ocean_second_sidebar":"0","ocean_disable_margins":"enable","ocean_add_body_class":"","ocean_shortcode_before_top_bar":"","ocean_shortcode_after_top_bar":"","ocean_shortcode_before_header":"","ocean_shortcode_after_header":"","ocean_has_shortcode":"","ocean_shortcode_after_title":"","ocean_shortcode_before_footer_widgets":"","ocean_shortcode_after_footer_widgets":"","ocean_shortcode_before_footer_bottom":"","ocean_shortcode_after_footer_bottom":"","ocean_display_top_bar":"default","ocean_display_header":"default","ocean_header_style":"","ocean_center_header_left_menu":"0","ocean_custom_header_template":"0","ocean_custom_logo":0,"ocean_custom_retina_logo":0,"ocean_custom_logo_max_width":0,"ocean_custom_logo_tablet_max_width":0,"ocean_custom_logo_mobile_max_width":0,"ocean_custom_logo_max_height":0,"ocean_custom_logo_tablet_max_height":0,"ocean_custom_logo_mobile_max_height":0,"ocean_header_custom_menu":"0","ocean_menu_typo_font_family":"0","ocean_menu_typo_font_subset":"","ocean_menu_typo_font_size":0,"ocean_menu_typo_font_size_tablet":0,"ocean_menu_typo_font_size_mobile":0,"ocean_menu_typo_font_size_unit":"px","ocean_menu_typo_font_weight":"","ocean_menu_typo_font_weight_tablet":"","ocean_menu_typo_font_weight_mobile":"","ocean_menu_typo_transform":"","ocean_menu_typo_transform_tablet":"","ocean_menu_typo_transform_mobile":"","ocean_menu_typo_line_height":0,"ocean_menu_typo_line_height_tablet":0,"ocean_menu_typo_line_height_mobile":0,"ocean_menu_typo_line_height_unit":"","ocean_menu_typo_spacing":0,"ocean_menu_typo_spacing_tablet":0,"ocean_menu_typo_spacing_mobile":0,"ocean_menu_typo_spacing_unit":"","ocean_menu_link_color":"","ocean_menu_link_color_hover":"","ocean_menu_link_color_active":"","ocean_menu_link_background":"","ocean_menu_link_hover_background":"","ocean_menu_link_active_background":"","ocean_menu_social_links_bg":"","ocean_menu_social_hover_links_bg":"","ocean_menu_social_links_color":"","ocean_menu_social_hover_links_color":"","ocean_disable_title":"default","ocean_disable_heading":"default","ocean_post_title":"","ocean_post_subheading":"","ocean_post_title_style":"","ocean_post_title_background_color":"","ocean_post_title_background":0,"ocean_post_title_bg_image_position":"","ocean_post_title_bg_image_attachment":"","ocean_post_title_bg_image_repeat":"","ocean_post_title_bg_image_size":"","ocean_post_title_height":0,"ocean_post_title_bg_overlay":0.5,"ocean_post_title_bg_overlay_color":"","ocean_disable_breadcrumbs":"default","ocean_breadcrumbs_color":"","ocean_breadcrumbs_separator_color":"","ocean_breadcrumbs_links_color":"","ocean_breadcrumbs_links_hover_color":"","ocean_display_footer_widgets":"default","ocean_display_footer_bottom":"default","ocean_custom_footer_template":"0","footnotes":""},"class_list":["post-2426","page","type-page","status-publish","hentry","entry"],"yoast_head":"<!-- This site is optimized with the Yoast SEO plugin v25.8 - https:\/\/yoast.com\/wordpress\/plugins\/seo\/ -->\n<title>E-park - Reconnaissance RSI - Prix \u200b\u200bde la cat\u00e9gorie documentaire 2005<\/title>\n<meta name=\"description\" content=\"2005 Prix RSI dans la cat\u00e9gorie documentaire radio pour l&#039;originalit\u00e9 du point d&#039;observation par rapport \u00e0 l&#039;\u00e9v\u00e9nement \u00e9voqu\u00e9 ...\" \/>\n<meta name=\"robots\" content=\"index, follow, max-snippet:-1, max-image-preview:large, max-video-preview:-1\" \/>\n<link rel=\"canonical\" href=\"https:\/\/e-park.ch\/fr\/reconnaissance-rsi\/\" \/>\n<meta property=\"og:locale\" content=\"fr_FR\" \/>\n<meta property=\"og:type\" content=\"article\" \/>\n<meta property=\"og:title\" content=\"E-park - Reconnaissance RSI - Prix \u200b\u200bde la cat\u00e9gorie documentaire 2005\" \/>\n<meta property=\"og:description\" content=\"2005 Prix RSI dans la cat\u00e9gorie documentaire radio pour l&#039;originalit\u00e9 du point d&#039;observation par rapport \u00e0 l&#039;\u00e9v\u00e9nement \u00e9voqu\u00e9 ...\" \/>\n<meta property=\"og:url\" content=\"https:\/\/e-park.ch\/fr\/reconnaissance-rsi\/\" \/>\n<meta property=\"og:site_name\" content=\"E-park\" \/>\n<meta property=\"article:publisher\" content=\"https:\/\/www.facebook.com\/eparkstudio\/\" \/>\n<meta property=\"article:modified_time\" content=\"2020-10-13T12:29:08+00:00\" \/>\n<meta name=\"twitter:card\" content=\"summary_large_image\" \/>\n<meta name=\"twitter:label1\" content=\"Dur\u00e9e de lecture estim\u00e9e\" \/>\n\t<meta name=\"twitter:data1\" content=\"2 minutes\" \/>\n<script type=\"application\/ld+json\" class=\"yoast-schema-graph\">{\"@context\":\"https:\/\/schema.org\",\"@graph\":[{\"@type\":\"WebPage\",\"@id\":\"https:\/\/e-park.ch\/fr\/reconnaissance-rsi\/\",\"url\":\"https:\/\/e-park.ch\/fr\/reconnaissance-rsi\/\",\"name\":\"E-park - Reconnaissance RSI - Prix \u200b\u200bde la cat\u00e9gorie documentaire 2005\",\"isPartOf\":{\"@id\":\"https:\/\/e-park.ch\/fr\/#website\"},\"datePublished\":\"2020-10-13T12:25:08+00:00\",\"dateModified\":\"2020-10-13T12:29:08+00:00\",\"description\":\"2005 Prix RSI dans la cat\u00e9gorie documentaire radio pour l'originalit\u00e9 du point d'observation par rapport \u00e0 l'\u00e9v\u00e9nement \u00e9voqu\u00e9 ...\",\"breadcrumb\":{\"@id\":\"https:\/\/e-park.ch\/fr\/reconnaissance-rsi\/#breadcrumb\"},\"inLanguage\":\"fr-FR\",\"potentialAction\":[{\"@type\":\"ReadAction\",\"target\":[\"https:\/\/e-park.ch\/fr\/reconnaissance-rsi\/\"]}]},{\"@type\":\"BreadcrumbList\",\"@id\":\"https:\/\/e-park.ch\/fr\/reconnaissance-rsi\/#breadcrumb\",\"itemListElement\":[{\"@type\":\"ListItem\",\"position\":1,\"name\":\"Home\",\"item\":\"https:\/\/e-park.ch\/fr\/\"},{\"@type\":\"ListItem\",\"position\":2,\"name\":\"Reconnaissance RSI\"}]},{\"@type\":\"WebSite\",\"@id\":\"https:\/\/e-park.ch\/fr\/#website\",\"url\":\"https:\/\/e-park.ch\/fr\/\",\"name\":\"e-park\",\"description\":\"multimedia studio\",\"publisher\":{\"@id\":\"https:\/\/e-park.ch\/fr\/#organization\"},\"potentialAction\":[{\"@type\":\"SearchAction\",\"target\":{\"@type\":\"EntryPoint\",\"urlTemplate\":\"https:\/\/e-park.ch\/fr\/?s={search_term_string}\"},\"query-input\":{\"@type\":\"PropertyValueSpecification\",\"valueRequired\":true,\"valueName\":\"search_term_string\"}}],\"inLanguage\":\"fr-FR\"},{\"@type\":\"Organization\",\"@id\":\"https:\/\/e-park.ch\/fr\/#organization\",\"name\":\"Electropark\",\"url\":\"https:\/\/e-park.ch\/fr\/\",\"logo\":{\"@type\":\"ImageObject\",\"inLanguage\":\"fr-FR\",\"@id\":\"https:\/\/e-park.ch\/fr\/#\/schema\/logo\/image\/\",\"url\":\"https:\/\/e-park.ch\/wp-content\/uploads\/2020\/09\/logo_epark_colori_2019.png\",\"contentUrl\":\"https:\/\/e-park.ch\/wp-content\/uploads\/2020\/09\/logo_epark_colori_2019.png\",\"width\":800,\"height\":400,\"caption\":\"Electropark\"},\"image\":{\"@id\":\"https:\/\/e-park.ch\/fr\/#\/schema\/logo\/image\/\"},\"sameAs\":[\"https:\/\/www.facebook.com\/eparkstudio\/\",\"https:\/\/www.instagram.com\/e_park_studio\/\",\"https:\/\/www.youtube.com\/channel\/UCdTmqyCynF-CB-h94s4YCJg\"]}]}<\/script>\n<!-- \/ Yoast SEO plugin. -->","yoast_head_json":{"title":"E-park - Reconnaissance RSI - Prix \u200b\u200bde la cat\u00e9gorie documentaire 2005","description":"2005 Prix RSI dans la cat\u00e9gorie documentaire radio pour l'originalit\u00e9 du point d'observation par rapport \u00e0 l'\u00e9v\u00e9nement \u00e9voqu\u00e9 ...","robots":{"index":"index","follow":"follow","max-snippet":"max-snippet:-1","max-image-preview":"max-image-preview:large","max-video-preview":"max-video-preview:-1"},"canonical":"https:\/\/e-park.ch\/fr\/reconnaissance-rsi\/","og_locale":"fr_FR","og_type":"article","og_title":"E-park - Reconnaissance RSI - Prix \u200b\u200bde la cat\u00e9gorie documentaire 2005","og_description":"2005 Prix RSI dans la cat\u00e9gorie documentaire radio pour l'originalit\u00e9 du point d'observation par rapport \u00e0 l'\u00e9v\u00e9nement \u00e9voqu\u00e9 ...","og_url":"https:\/\/e-park.ch\/fr\/reconnaissance-rsi\/","og_site_name":"E-park","article_publisher":"https:\/\/www.facebook.com\/eparkstudio\/","article_modified_time":"2020-10-13T12:29:08+00:00","twitter_card":"summary_large_image","twitter_misc":{"Dur\u00e9e de lecture estim\u00e9e":"2 minutes"},"schema":{"@context":"https:\/\/schema.org","@graph":[{"@type":"WebPage","@id":"https:\/\/e-park.ch\/fr\/reconnaissance-rsi\/","url":"https:\/\/e-park.ch\/fr\/reconnaissance-rsi\/","name":"E-park - Reconnaissance RSI - Prix \u200b\u200bde la cat\u00e9gorie documentaire 2005","isPartOf":{"@id":"https:\/\/e-park.ch\/fr\/#website"},"datePublished":"2020-10-13T12:25:08+00:00","dateModified":"2020-10-13T12:29:08+00:00","description":"2005 Prix RSI dans la cat\u00e9gorie documentaire radio pour l'originalit\u00e9 du point d'observation par rapport \u00e0 l'\u00e9v\u00e9nement \u00e9voqu\u00e9 ...","breadcrumb":{"@id":"https:\/\/e-park.ch\/fr\/reconnaissance-rsi\/#breadcrumb"},"inLanguage":"fr-FR","potentialAction":[{"@type":"ReadAction","target":["https:\/\/e-park.ch\/fr\/reconnaissance-rsi\/"]}]},{"@type":"BreadcrumbList","@id":"https:\/\/e-park.ch\/fr\/reconnaissance-rsi\/#breadcrumb","itemListElement":[{"@type":"ListItem","position":1,"name":"Home","item":"https:\/\/e-park.ch\/fr\/"},{"@type":"ListItem","position":2,"name":"Reconnaissance RSI"}]},{"@type":"WebSite","@id":"https:\/\/e-park.ch\/fr\/#website","url":"https:\/\/e-park.ch\/fr\/","name":"e-park","description":"multimedia studio","publisher":{"@id":"https:\/\/e-park.ch\/fr\/#organization"},"potentialAction":[{"@type":"SearchAction","target":{"@type":"EntryPoint","urlTemplate":"https:\/\/e-park.ch\/fr\/?s={search_term_string}"},"query-input":{"@type":"PropertyValueSpecification","valueRequired":true,"valueName":"search_term_string"}}],"inLanguage":"fr-FR"},{"@type":"Organization","@id":"https:\/\/e-park.ch\/fr\/#organization","name":"Electropark","url":"https:\/\/e-park.ch\/fr\/","logo":{"@type":"ImageObject","inLanguage":"fr-FR","@id":"https:\/\/e-park.ch\/fr\/#\/schema\/logo\/image\/","url":"https:\/\/e-park.ch\/wp-content\/uploads\/2020\/09\/logo_epark_colori_2019.png","contentUrl":"https:\/\/e-park.ch\/wp-content\/uploads\/2020\/09\/logo_epark_colori_2019.png","width":800,"height":400,"caption":"Electropark"},"image":{"@id":"https:\/\/e-park.ch\/fr\/#\/schema\/logo\/image\/"},"sameAs":["https:\/\/www.facebook.com\/eparkstudio\/","https:\/\/www.instagram.com\/e_park_studio\/","https:\/\/www.youtube.com\/channel\/UCdTmqyCynF-CB-h94s4YCJg"]}]}},"_links":{"self":[{"href":"https:\/\/e-park.ch\/fr\/wp-json\/wp\/v2\/pages\/2426","targetHints":{"allow":["GET"]}}],"collection":[{"href":"https:\/\/e-park.ch\/fr\/wp-json\/wp\/v2\/pages"}],"about":[{"href":"https:\/\/e-park.ch\/fr\/wp-json\/wp\/v2\/types\/page"}],"author":[{"embeddable":true,"href":"https:\/\/e-park.ch\/fr\/wp-json\/wp\/v2\/users\/1"}],"replies":[{"embeddable":true,"href":"https:\/\/e-park.ch\/fr\/wp-json\/wp\/v2\/comments?post=2426"}],"version-history":[{"count":8,"href":"https:\/\/e-park.ch\/fr\/wp-json\/wp\/v2\/pages\/2426\/revisions"}],"predecessor-version":[{"id":2445,"href":"https:\/\/e-park.ch\/fr\/wp-json\/wp\/v2\/pages\/2426\/revisions\/2445"}],"wp:attachment":[{"href":"https:\/\/e-park.ch\/fr\/wp-json\/wp\/v2\/media?parent=2426"}],"curies":[{"name":"wp","href":"https:\/\/api.w.org\/{rel}","templated":true}]}}